{"id":494,"date":"2022-02-09T16:09:44","date_gmt":"2022-02-09T15:09:44","guid":{"rendered":"https:\/\/bigycb.cz\/demo\/?page_id=494"},"modified":"2022-03-25T17:56:32","modified_gmt":"2022-03-25T16:56:32","slug":"o-skole","status":"publish","type":"page","link":"https:\/\/bigycb.cz\/bigy\/o-skole\/","title":{"rendered":"O \u0161kole"},"content":{"rendered":"<h1>O \u0161kole<\/h1>\n<p>Vyberte si z podstr\u00e1nek sekce:<\/p>\n\n<!-- Page-list plugin v.5.9 wordpress.org\/plugins\/page-list\/ -->\n<ul class=\"page-list subpages-page-list \">\n<li class=\"page_item page-item-672\"><a href=\"https:\/\/bigycb.cz\/bigy\/o-skole\/duchovni-zivot\/\">Duchovn\u00ed \u017eivot<\/a><\/li>\n<li class=\"page_item page-item-647\"><a href=\"https:\/\/bigycb.cz\/bigy\/o-skole\/dulezite-dokumenty\/\">D\u016fle\u017eit\u00e9 dokumenty<\/a><\/li>\n<li class=\"page_item page-item-713\"><a href=\"https:\/\/bigycb.cz\/bigy\/o-skole\/fotogalerie\/\">Fotogalerie<\/a><\/li>\n<li class=\"page_item page-item-679\"><a href=\"https:\/\/bigycb.cz\/bigy\/o-skole\/historie-skoly\/\">Historie \u0161koly<\/a><\/li>\n<li class=\"page_item page-item-504\"><a href=\"https:\/\/bigycb.cz\/bigy\/o-skole\/kontakty\/\">Kontakty<\/a><\/li>\n<li class=\"page_item page-item-6118\"><a href=\"https:\/\/bigycb.cz\/bigy\/o-skole\/ochrana-oznamovatelu\/\">Ochrana oznamovatel\u016f<\/a><\/li>\n<li class=\"page_item page-item-677\"><a href=\"https:\/\/bigycb.cz\/bigy\/o-skole\/skolska-rada\/\">\u0160kolsk\u00e1 rada<\/a><\/li>\n<li class=\"page_item page-item-1012\"><a href=\"https:\/\/bigycb.cz\/bigy\/o-skole\/spoluprace-se-zahranicnimi-skolami\/\">Zahrani\u010dn\u00ed spolupr\u00e1ce<\/a><\/li>\n<li class=\"page_item page-item-430\"><a href=\"https:\/\/bigycb.cz\/bigy\/o-skole\/zamestnanci-skoly\/\">Zam\u011bstnanci \u0161koly<\/a><\/li>\n<li class=\"page_item page-item-681 page_item_has_children\"><a href=\"https:\/\/bigycb.cz\/bigy\/o-skole\/zazemi-skoly\/\">Z\u00e1zem\u00ed \u0161koly<\/a>\n<ul class='children'>\n\t<li class=\"page_item page-item-683\"><a href=\"https:\/\/bigycb.cz\/bigy\/o-skole\/zazemi-skoly\/domov-mladeze\/\">Domov ml\u00e1de\u017ee<\/a><\/li>\n\t<li class=\"page_item page-item-977\"><a href=\"https:\/\/bigycb.cz\/bigy\/o-skole\/zazemi-skoly\/skolni-jidelna\/\">\u0160koln\u00ed j\u00eddelna<\/a><\/li>\n\t<li class=\"page_item page-item-909\"><a href=\"https:\/\/bigycb.cz\/bigy\/o-skole\/zazemi-skoly\/studentsky-kostel\/\">Studentsk\u00fd kostel<\/a><\/li>\n<\/ul>\n<\/li>\n<li class=\"page_item page-item-1025\"><a href=\"https:\/\/bigycb.cz\/bigy\/o-skole\/studijni-obory\/\">Studijn\u00ed obory<\/a><\/li>\n\n<\/ul>\n","protected":false},"excerpt":{"rendered":"<p>O \u0161kole Vyberte si z podstr\u00e1nek sekce:<\/p>\n","protected":false},"author":1,"featured_media":0,"parent":0,"menu_order":0,"comment_status":"closed","ping_status":"closed","template":"","meta":{"footnotes":""},"class_list":["post-494","page","type-page","status-publish","hentry","odd"],"_links":{"self":[{"href":"https:\/\/bigycb.cz\/bigy\/wp-json\/wp\/v2\/pages\/494","targetHints":{"allow":["GET"]}}],"collection":[{"href":"https:\/\/bigycb.cz\/bigy\/wp-json\/wp\/v2\/pages"}],"about":[{"href":"https:\/\/bigycb.cz\/bigy\/wp-json\/wp\/v2\/types\/page"}],"author":[{"embeddable":true,"href":"https:\/\/bigycb.cz\/bigy\/wp-json\/wp\/v2\/users\/1"}],"replies":[{"embeddable":true,"href":"https:\/\/bigycb.cz\/bigy\/wp-json\/wp\/v2\/comments?post=494"}],"version-history":[{"count":4,"href":"https:\/\/bigycb.cz\/bigy\/wp-json\/wp\/v2\/pages\/494\/revisions"}],"predecessor-version":[{"id":1506,"href":"https:\/\/bigycb.cz\/bigy\/wp-json\/wp\/v2\/pages\/494\/revisions\/1506"}],"wp:attachment":[{"href":"https:\/\/bigycb.cz\/bigy\/wp-json\/wp\/v2\/media?parent=494"}],"curies":[{"name":"wp","href":"https:\/\/api.w.org\/{rel}","templated":true}]}}