{"id":4119,"date":"2023-08-28T13:29:58","date_gmt":"2023-08-28T11:29:58","guid":{"rendered":"https:\/\/bigycb.cz\/bigy\/?page_id=4119"},"modified":"2024-10-07T14:07:36","modified_gmt":"2024-10-07T12:07:36","slug":"informatika","status":"publish","type":"page","link":"https:\/\/bigycb.cz\/bigy\/predmetove-komise\/informatika\/","title":{"rendered":"Informatika"},"content":{"rendered":"<p>[vc_row][vc_column css=&#8221;.vc_custom_1490017614850{margin-bottom: 30px !important;}&#8221;][vc_custom_heading text=&#8221;Informatika&#8221; font_container=&#8221;tag:h1|text_align:left&#8221; use_theme_fonts=&#8221;yes&#8221; css=&#8221;.vc_custom_1701768410038{margin-top: 0px !important;margin-bottom: 20px !important;}&#8221;][\/vc_column][\/vc_row][vc_row css=&#8221;.vc_custom_1701531047147{background-color: #f2f2f2 !important;}&#8221;][vc_column width=&#8221;3\/5&#8243; css=&#8221;.vc_custom_1701530821180{margin: 0px !important;padding: 0px !important;}&#8221;]\n\t\t\t\t\t<div class=\"wh-theme-icon vc_custom_1699217723581  scp_theme_icon-0389e141ec2f1da1df14850ff1304d8f\">\n\t\t\t\t<i class=\"icon-edic_supervisor_account\"><\/i>\n\t\t\t<\/div>\n\t\t\t\t[vc_custom_heading text=&#8221;Vyu\u010duj\u00edc\u00ed&#8221; font_container=&#8221;tag:h4|text_align:left&#8221; use_theme_fonts=&#8221;yes&#8221; css=&#8221;.vc_custom_1699218683435{margin-bottom: 20px !important;padding-top: 10px !important;padding-left: 55px !important;}&#8221;][vc_column_text css=&#8221;.vc_custom_1728302853739{margin-bottom: 0px !important;padding-top: 5px !important;padding-right: 15px !important;padding-bottom: 0px !important;padding-left: 15px !important;}&#8221;]<\/p>\n<ul>\n<li><strong>Mgr. Ond\u0159ej Z\u00e1lesk\u00fd (p\u0159edseda)<\/strong><\/li>\n<li>Ing. Luk\u00e1\u0161 Polaneck\u00fd<\/li>\n<li>Mgr. Ji\u0159\u00ed Kop\u0159iva<\/li>\n<li><span class=\"abcfslSpanMP1\">Mgr.\u00a0<\/span><span class=\"abcfslSpanMP2\">Ji\u0159\u00ed\u00a0<\/span><span class=\"abcfslSpanMP3\">Teringl<\/span><\/li>\n<\/ul>\n<p>[\/vc_column_text][vc_btn title=&#8221;Zobrazit kontakty&#8221; style=&#8221;flat&#8221; shape=&#8221;square&#8221; color=&#8221;peacoc&#8221; size=&#8221;sm&#8221; align=&#8221;left&#8221; i_icon_fontawesome=&#8221;fas fa-caret-right&#8221; add_icon=&#8221;true&#8221; link=&#8221;url:https%3A%2F%2Fbigycb.cz%2Fbigy%2Fo-skole%2Fzamestnanci-skoly%2F%3Fstaff-category%3Ducitele&#8221; css=&#8221;.vc_custom_1709194456221{margin-top: 30px !important;margin-left: 25px !important;}&#8221;][\/vc_column][vc_column width=&#8221;2\/5&#8243; css=&#8221;.vc_custom_1701530592176{padding-top: 0px !important;}&#8221;][vc_single_image image=&#8221;7518&#8243; img_size=&#8221;full&#8221; alignment=&#8221;right&#8221; css=&#8221;.vc_custom_1716407866797{margin-top: 30px !important;margin-right: 30px !important;margin-bottom: 0px !important;padding-bottom: 0px !important;}&#8221;][\/vc_column][\/vc_row][vc_row css=&#8221;.vc_custom_1701531638223{margin-top: 35px !important;margin-bottom: 35px !important;}&#8221;][vc_column width=&#8221;1\/2&#8243;]\n\t\t\t\t\t<div class=\"wh-theme-icon vc_custom_1701531593973  scp_theme_icon-cdaeaa8bed73aa5874b9d289a0ab8a8d\">\n\t\t\t\t<i class=\"icon-edflask\"><\/i>\n\t\t\t<\/div>\n\t\t\t\t[vc_custom_heading text=&#8221;Charakteristika p\u0159edm\u011btu&#8221; font_container=&#8221;tag:h5|text_align:left|color:%23000000&#8243; use_theme_fonts=&#8221;yes&#8221; css=&#8221;.vc_custom_1699215631709{margin-bottom: 20px !important;padding-top: 10px !important;padding-left: 55px !important;}&#8221;][vc_column_text]<\/p>\n<div>V p\u0159edm\u011btu informatika d\u00e1v\u00e1me prostor v\u0161em \u017e\u00e1k\u016fm porozum\u011bt tomu, jak funguje po\u010d\u00edta\u010d a digit\u00e1ln\u00ed syst\u00e9my. U\u010d\u00edme je tyto syst\u00e9my vhodn\u011b pou\u017e\u00edvat. P\u0159i v\u00fduce se zab\u00fdv\u00e1me mnoha t\u00e9maty, od programov\u00e1n\u00ed a reprezentace dat v po\u010d\u00edta\u010di a\u017e po efektivn\u00ed prezentov\u00e1n\u00ed a publikov\u00e1n\u00ed dat. Klademe d\u016fraz na rozv\u00edjen\u00ed informatick\u00e9ho, kritick\u00e9ho ale i kreativn\u00edho my\u0161len\u00ed \u017e\u00e1k\u016f. Jako d\u016fle\u017eitou vn\u00edm\u00e1me i problematiku IT bezpe\u010dnosti.<\/div>\n<div>Vedle povinn\u00fdch hodin v ka\u017ed\u00e9m roce studia si \u017e\u00e1ci mohou v p\u0159edmaturitn\u00edm a maturitn\u00edm ro\u010dn\u00edku zvolit informatick\u00fd semin\u00e1\u0159.<\/div>\n<div><\/div>\n<div><\/div>\n<div><\/div>\n<div><\/div>\n<div><\/div>\n<div><\/div>\n<p>[\/vc_column_text][vc_row_inner][vc_column_inner width=&#8221;1\/2&#8243;][vc_btn title=&#8221;Voliteln\u00fd semin\u00e1\u0159&#8221; style=&#8221;classic&#8221; shape=&#8221;square&#8221; align=&#8221;left&#8221; i_icon_fontawesome=&#8221;fas fa-caret-right&#8221; button_block=&#8221;true&#8221; add_icon=&#8221;true&#8221; link=&#8221;url:https%3A%2F%2Fbigycb.cz%2Fbigy%2Fstudenti-a-rodice%2Fvolitelne-seminare%2F%23sinf&#8221; css=&#8221;.vc_custom_1709195868750{margin-top: 0px !important;margin-left: 0px !important;}&#8221;][\/vc_column_inner][vc_column_inner width=&#8221;1\/2&#8243;][vc_btn title=&#8221;Maturitn\u00ed zkou\u0161ka&#8221; style=&#8221;classic&#8221; shape=&#8221;square&#8221; align=&#8221;left&#8221; i_icon_fontawesome=&#8221;fas fa-caret-right&#8221; button_block=&#8221;true&#8221; add_icon=&#8221;true&#8221; link=&#8221;url:https%3A%2F%2Fbigycb.cz%2Fbigy%2Fstudenti-a-rodice%2Fmaturitni-zkouska%2F|title:Maturitn%C3%AD%20zkou%C5%A1ka&#8221; css=&#8221;.vc_custom_1709195610228{margin-top: 0px !important;margin-left: 0px !important;}&#8221;][\/vc_column_inner][\/vc_row_inner][\/vc_column][vc_column width=&#8221;1\/2&#8243; css=&#8221;.vc_custom_1491471836694{margin-bottom: 0px !important;}&#8221;]\n\t\t\t\t\t<div class=\"wh-theme-icon vc_custom_1699215662014  scp_theme_icon-489ccd5d6db9029c39767ab7910ee91f\">\n\t\t\t\t<i class=\"icon-edtime\"><\/i>\n\t\t\t<\/div>\n\t\t\t\t[vc_custom_heading text=&#8221;\u010casov\u00e1 t\u00fddenn\u00ed dotace p\u0159edm\u011btu&#8221; font_container=&#8221;tag:h5|text_align:left|color:%23000000&#8243; use_theme_fonts=&#8221;yes&#8221; css=&#8221;.vc_custom_1709115089445{margin-bottom: 20px !important;padding-top: 10px !important;padding-left: 55px !important;}&#8221;][vc_tta_accordion shape=&#8221;square&#8221; color=&#8221;white&#8221; active_section=&#8221;&#8221; collapsible_all=&#8221;true&#8221;][vc_tta_section title=&#8221;Osmilet\u00e9 studium&#8221; tab_id=&#8221;1699217027004-c0215e8d-2aad&#8221;][vc_column_text]<\/p>\n<table>\n<tbody>\n<tr>\n<td width=\"63\"><strong>ro\u010d.<\/strong><\/td>\n<td width=\"68\">I.<\/td>\n<td width=\"68\">II.<\/td>\n<td width=\"68\">III.<\/td>\n<td width=\"68\">IV.<\/td>\n<td width=\"68\">V.<\/td>\n<td width=\"68\">VI.<\/td>\n<td width=\"68\">VII.<\/td>\n<td width=\"68\">VIII.<\/td>\n<\/tr>\n<tr>\n<td width=\"63\"><strong>hod.<\/strong><\/td>\n<td width=\"68\">1<\/td>\n<td width=\"68\">1<\/td>\n<td width=\"68\">1<\/td>\n<td width=\"68\">1<\/td>\n<td width=\"68\">1<\/td>\n<td width=\"68\">1<\/td>\n<td width=\"68\">1<\/td>\n<td width=\"68\">1<\/td>\n<\/tr>\n<\/tbody>\n<\/table>\n<p>[\/vc_column_text][\/vc_tta_section][vc_tta_section title=&#8221;\u0160estilet\u00e9 studium&#8221; tab_id=&#8221;1699217027021-fa992823-9822&#8243;][vc_column_text]<\/p>\n<table>\n<tbody>\n<tr>\n<td width=\"63\"><strong>ro\u010d.<\/strong><\/td>\n<td width=\"68\">I.<\/td>\n<td width=\"68\">II.<\/td>\n<td width=\"68\">III.<\/td>\n<td width=\"68\">IV.<\/td>\n<td width=\"68\">V.<\/td>\n<td width=\"68\">VI.<\/td>\n<\/tr>\n<tr>\n<td width=\"63\"><strong>hod.<\/strong><\/td>\n<td width=\"68\">1<\/td>\n<td width=\"68\">1<\/td>\n<td width=\"68\">1<\/td>\n<td width=\"68\">1<\/td>\n<td width=\"68\">1<\/td>\n<td width=\"68\">1<\/td>\n<\/tr>\n<\/tbody>\n<\/table>\n<p>[\/vc_column_text][\/vc_tta_section][vc_tta_section title=&#8221;\u0160estilet\u00e9 bilingvn\u00ed studium&#8221; tab_id=&#8221;1709115143974-2622fd83-c7d4&#8243;][vc_column_text]<\/p>\n<table>\n<tbody>\n<tr>\n<td width=\"63\"><strong>ro\u010d.<\/strong><\/td>\n<td width=\"68\">I.<\/td>\n<td width=\"68\">II.<\/td>\n<td width=\"68\">III.<\/td>\n<td width=\"68\">IV.<\/td>\n<td width=\"68\">V.<\/td>\n<td width=\"68\">VI.<\/td>\n<\/tr>\n<tr>\n<td width=\"63\"><strong>hod.<\/strong><\/td>\n<td width=\"68\">1<\/td>\n<td width=\"68\">1<\/td>\n<td width=\"68\">1<\/td>\n<td width=\"68\">1<\/td>\n<td width=\"68\">1<\/td>\n<td width=\"68\">1<\/td>\n<\/tr>\n<\/tbody>\n<\/table>\n<p>[\/vc_column_text][\/vc_tta_section][vc_tta_section title=&#8221;\u010cty\u0159let\u00e9 studium&#8221; tab_id=&#8221;1699217284386-919907dc-43e3&#8243;][vc_column_text]<\/p>\n<table>\n<tbody>\n<tr>\n<td width=\"63\"><strong>ro\u010d.<\/strong><\/td>\n<td width=\"68\">I.<\/td>\n<td width=\"68\">II.<\/td>\n<td width=\"68\">III.<\/td>\n<td width=\"68\">IV.<\/td>\n<\/tr>\n<tr>\n<td width=\"63\"><strong>hod.<\/strong><\/td>\n<td width=\"68\">1<\/td>\n<td width=\"68\">1<\/td>\n<td width=\"68\">1<\/td>\n<td width=\"68\">1<\/td>\n<\/tr>\n<\/tbody>\n<\/table>\n<p>[\/vc_column_text][\/vc_tta_section][\/vc_tta_accordion][\/vc_column][\/vc_row][vc_row css=&#8221;.vc_custom_1488897097455{padding-top: 10px !important;}&#8221;][vc_column][vc_separator color=&#8221;white&#8221; border_width=&#8221;4&#8243; css=&#8221;.vc_custom_1699218140987{margin-bottom: 0px !important;}&#8221;][\/vc_column][\/vc_row][vc_row full_width=&#8221;stretch_row&#8221; css=&#8221;.vc_custom_1699218845695{background-color: #ededed !important;}&#8221;][vc_column css=&#8221;.vc_custom_1491470191130{margin-bottom: 0px !important;}&#8221;]\n\t\t\t\t\t<div class=\"wh-theme-icon vc_custom_1699218736388  scp_theme_icon-ad1c0f310d2ac00fa6e13d2e1d46b86d\">\n\t\t\t\t<i class=\"icon-edopen-book\"><\/i>\n\t\t\t<\/div>\n\t\t\t\t[vc_custom_heading text=&#8221;U\u010debnice, v\u00fdukov\u00e9 zdroje&#8221; font_container=&#8221;tag:h4|text_align:left&#8221; use_theme_fonts=&#8221;yes&#8221; css=&#8221;.vc_custom_1699217933988{margin-bottom: 20px !important;padding-top: 10px !important;padding-left: 55px !important;}&#8221;][vc_media_grid element_width=&#8221;2&#8243; gap=&#8221;10&#8243; item=&#8221;mediaGrid_SimpleOverlay&#8221; grid_id=&#8221;vc_gid:1728302846009-015e168e-460b-1&#8243; include=&#8221;4180,4179,4178,4177,6474&#8243; css=&#8221;.vc_custom_1714468949357{padding-top: 15px !important;padding-right: 15px !important;padding-left: 15px !important;}&#8221;][vc_column_text]<\/p>\n<ul>\n<li><a href=\"https:\/\/www.w3schools.com\/\" target=\"_blank\" rel=\"noopener\">W3Schools Online Web Tutorials<\/a><\/li>\n<li><a href=\"https:\/\/naucse.python.cz\/courses\/\" target=\"_blank\" rel=\"noopener\">Nau\u010d se Python!<\/a><\/li>\n<\/ul>\n<p>[\/vc_column_text][\/vc_column][\/vc_row][vc_row css=&#8221;.vc_custom_1488897097455{padding-top: 10px !important;}&#8221;][vc_column css=&#8221;.vc_custom_1699219691642{padding: 20px !important;}&#8221;][vc_separator color=&#8221;white&#8221; border_width=&#8221;4&#8243; css=&#8221;.vc_custom_1699218140987{margin-bottom: 0px !important;}&#8221;][\/vc_column][\/vc_row][vc_row][vc_column width=&#8221;1\/2&#8243; css=&#8221;.vc_custom_1491470191130{margin-bottom: 0px !important;}&#8221;]\n\t\t\t\t\t<div class=\"wh-theme-icon vc_custom_1699219217176  scp_theme_icon-7d46c3c53898bc3e3c6e0067b81b72a4\">\n\t\t\t\t<i class=\"icon-edcup\"><\/i>\n\t\t\t<\/div>\n\t\t\t\t[vc_custom_heading text=&#8221;Projekty a sout\u011b\u017ee&#8221; font_container=&#8221;tag:h4|text_align:left&#8221; use_theme_fonts=&#8221;yes&#8221; css=&#8221;.vc_custom_1699219137756{margin-bottom: 20px !important;padding-top: 10px !important;padding-left: 55px !important;}&#8221;][vc_column_text]<\/p>\n<ul>\n<li>Bob\u0159\u00edk informatiky<\/li>\n<li>Kyber komiks<\/li>\n<\/ul>\n<p>[\/vc_column_text][\/vc_column][vc_column width=&#8221;1\/2&#8243;]\n\t\t\t\t\t<div class=\"wh-theme-icon vc_custom_1699219452175  scp_theme_icon-74ec9114453c2a71fe77e48fa0050817\">\n\t\t\t\t<i class=\"icon-edforest\"><\/i>\n\t\t\t<\/div>\n\t\t\t\t[vc_custom_heading text=&#8221;Exkurze&#8221; font_container=&#8221;tag:h4|text_align:left&#8221; use_theme_fonts=&#8221;yes&#8221; css=&#8221;.vc_custom_1699219397656{margin-bottom: 20px !important;padding-top: 10px !important;padding-left: 55px !important;}&#8221;][vc_column_text]<\/p>\n<ul>\n<li>Datov\u00e9 centrum Wedos, Hlubok\u00e1 nad Vltavou<\/li>\n<\/ul>\n<p>[\/vc_column_text][\/vc_column][\/vc_row][vc_row full_width=&#8221;stretch_row_content&#8221;][vc_column][vc_separator border_width=&#8221;4&#8243; css=&#8221;.vc_custom_1699219561915{padding: 20px !important;}&#8221;][\/vc_column][\/vc_row][vc_row disable_element=&#8221;yes&#8221;][vc_column][vc_column_text]<\/p>\n<h3>\u010cl\u00e1nky z kategorie Informatika<\/h3>\n<p>[\/vc_column_text][\/vc_column][\/vc_row][vc_row disable_element=&#8221;yes&#8221;][vc_column][vc_basic_grid post_type=&#8221;post&#8221; max_items=&#8221;-1&#8243; item=&#8221;basicGrid_ScaleInWithRotation&#8221; grid_id=&#8221;vc_gid:1728302846010-72da0dce-3e1f-10&#8243; taxonomies=&#8221;38&#8243;][\/vc_column][\/vc_row]<\/p>\n","protected":false},"excerpt":{"rendered":"<p>[vc_row][vc_column css=&#8221;.vc_custom_1490017614850{margin-bottom: 30px !important;}&#8221;][vc_custom_heading text=&#8221;Informatika&#8221; font_container=&#8221;tag:h1|text_align:left&#8221; use_theme_fonts=&#8221;yes&#8221; css=&#8221;.vc_custom_1701768410038{margin-top: 0px !important;margin-bottom: 20px !important;}&#8221;][\/vc_column][\/vc_row][vc_row css=&#8221;.vc_custom_1701531047147{background-color: #f2f2f2 !important;}&#8221;][vc_column width=&#8221;3\/5&#8243; css=&#8221;.vc_custom_1701530821180{margin: 0px !important;padding: 0px&nbsp;<a href=\"https:\/\/bigycb.cz\/bigy\/predmetove-komise\/informatika\/\">&hellip;<\/a><\/p>\n","protected":false},"author":1,"featured_media":0,"parent":5796,"menu_order":0,"comment_status":"closed","ping_status":"closed","template":"template-sidebar-right-childpages.php","meta":{"footnotes":""},"class_list":["post-4119","page","type-page","status-publish","hentry","odd"],"_links":{"self":[{"href":"https:\/\/bigycb.cz\/bigy\/wp-json\/wp\/v2\/pages\/4119","targetHints":{"allow":["GET"]}}],"collection":[{"href":"https:\/\/bigycb.cz\/bigy\/wp-json\/wp\/v2\/pages"}],"about":[{"href":"https:\/\/bigycb.cz\/bigy\/wp-json\/wp\/v2\/types\/page"}],"author":[{"embeddable":true,"href":"https:\/\/bigycb.cz\/bigy\/wp-json\/wp\/v2\/users\/1"}],"replies":[{"embeddable":true,"href":"https:\/\/bigycb.cz\/bigy\/wp-json\/wp\/v2\/comments?post=4119"}],"version-history":[{"count":138,"href":"https:\/\/bigycb.cz\/bigy\/wp-json\/wp\/v2\/pages\/4119\/revisions"}],"predecessor-version":[{"id":8449,"href":"https:\/\/bigycb.cz\/bigy\/wp-json\/wp\/v2\/pages\/4119\/revisions\/8449"}],"up":[{"embeddable":true,"href":"https:\/\/bigycb.cz\/bigy\/wp-json\/wp\/v2\/pages\/5796"}],"wp:attachment":[{"href":"https:\/\/bigycb.cz\/bigy\/wp-json\/wp\/v2\/media?parent=4119"}],"curies":[{"name":"wp","href":"https:\/\/api.w.org\/{rel}","templated":true}]}}