{"id":3578,"date":"2022-11-21T23:55:31","date_gmt":"2022-11-21T22:55:31","guid":{"rendered":"https:\/\/bigycb.cz\/bigy\/?page_id=3578"},"modified":"2023-11-16T20:06:27","modified_gmt":"2023-11-16T19:06:27","slug":"sbirka-veci","status":"publish","type":"page","link":"https:\/\/bigycb.cz\/bigy\/aktivity-skoly\/charitativni-cinnost\/sbirka-veci\/","title":{"rendered":"Sb\u00edrka v\u011bc\u00ed pro d\u011bti"},"content":{"rendered":"<h1>Sb\u00edrka v\u011bc\u00ed pro d\u011bti<\/h1>\n<p>D\u011bkujeme za V\u00e1\u0161 z\u00e1jem o darov\u00e1n\u00ed oble\u010den\u00ed konkr\u00e9tn\u00edm d\u011btem, p\u0159\u00edpadn\u011b pom\u016fcek na \u010dinnost krou\u017eku Ferda, kter\u00fd je ur\u010den pro d\u011bti ze soci\u00e1ln\u011b slab\u0161\u00edch rodin.<br \/>\nPokud n\u011bkter\u00e9 z n\u00ed\u017ee uveden\u00fdch v\u011bc\u00ed m\u00e1te k dispozici a chcete je darovat, klikn\u011bte na p\u0159\u00edslu\u0161nou polo\u017eku a zarezervujte si ji (tla\u010d\u00edtko &#8220;Darovat&#8221;). N\u011bkter\u00e9 polo\u017eky jsou sd\u00edlen\u00e9 a je mo\u017en\u00e9 si vybrat i jen jeden nebo n\u011bkolik d\u00edl\u016f (&#8220;Darovat \u010d\u00e1st&#8221;).<\/p>\n<blockquote><p>V\u00e1mi zarezervovan\u00e9 v\u011bci pros\u00edm viditeln\u011b <strong>ozna\u010dte stejn\u00fdm popisem<\/strong>, jako zde v seznamu (nap\u0159. <em>Kombin\u00e9za, holka, vel. 104\/110<\/em>), a doneste na Bigy do <strong>kabinetu pan\u00ed u\u010ditelky Pavly Trendov\u00e9 (kab. CH, 3. p.)<\/strong>. Pro v\u00edce informac\u00ed se nev\u00e1hejte obr\u00e1tit na pan\u00ed u\u010ditelku Danu Jak\u0161i\u010dovou (<strong>jaksicova@bigy-cb.cz<\/strong>).<\/p><\/blockquote>\n<hr \/>\n<h3>Oble\u010den\u00ed a boty c\u00edlen\u011b pro konkr\u00e9tn\u00ed d\u011bti:<\/h3>\n<p>&nbsp;<\/p>\n<p>[wishlist id=&#8217;3602&#8242;]<\/p>\n<hr \/>\n<h4>Ostatn\u00ed:<\/h4>\n<p>&nbsp;<\/p>\n<p>[wishlist id=&#8217;3606&#8242;]<\/p>\n<hr \/>\n<h4>Praktick\u00e1 v\u00fdpomoc:<\/h4>\n<p>Pokud v\u00e1s bav\u00ed spravovat kola a na\u0161li byste \u010das, je mo\u017en\u00e9 n\u00e1m jednor\u00e1zov\u011b pomoci se servisem kol. Dostali jsme jich docela dost s t\u00edm, \u017ee pot\u0159ebuj\u00ed ur\u010dit\u00e9 opravy, ale do placen\u00e9ho servisu je d\u00e1vat nem\u016f\u017eeme\u2026 M\u016f\u017eete se ozvat na <strong>jaksicova@bigy-cb.cz<\/strong>.<\/p>\n","protected":false},"excerpt":{"rendered":"<p>Sb\u00edrka v\u011bc\u00ed pro d\u011bti D\u011bkujeme za V\u00e1\u0161 z\u00e1jem o darov\u00e1n\u00ed oble\u010den\u00ed konkr\u00e9tn\u00edm d\u011btem, p\u0159\u00edpadn\u011b pom\u016fcek na \u010dinnost krou\u017eku Ferda, kter\u00fd&nbsp;<a href=\"https:\/\/bigycb.cz\/bigy\/aktivity-skoly\/charitativni-cinnost\/sbirka-veci\/\">&hellip;<\/a><\/p>\n","protected":false},"author":1,"featured_media":0,"parent":726,"menu_order":0,"comment_status":"closed","ping_status":"closed","template":"template-fullwidth.php","meta":{"footnotes":""},"class_list":["post-3578","page","type-page","status-publish","hentry","odd"],"_links":{"self":[{"href":"https:\/\/bigycb.cz\/bigy\/wp-json\/wp\/v2\/pages\/3578","targetHints":{"allow":["GET"]}}],"collection":[{"href":"https:\/\/bigycb.cz\/bigy\/wp-json\/wp\/v2\/pages"}],"about":[{"href":"https:\/\/bigycb.cz\/bigy\/wp-json\/wp\/v2\/types\/page"}],"author":[{"embeddable":true,"href":"https:\/\/bigycb.cz\/bigy\/wp-json\/wp\/v2\/users\/1"}],"replies":[{"embeddable":true,"href":"https:\/\/bigycb.cz\/bigy\/wp-json\/wp\/v2\/comments?post=3578"}],"version-history":[{"count":24,"href":"https:\/\/bigycb.cz\/bigy\/wp-json\/wp\/v2\/pages\/3578\/revisions"}],"predecessor-version":[{"id":3599,"href":"https:\/\/bigycb.cz\/bigy\/wp-json\/wp\/v2\/pages\/3578\/revisions\/3599"}],"up":[{"embeddable":true,"href":"https:\/\/bigycb.cz\/bigy\/wp-json\/wp\/v2\/pages\/726"}],"wp:attachment":[{"href":"https:\/\/bigycb.cz\/bigy\/wp-json\/wp\/v2\/media?parent=3578"}],"curies":[{"name":"wp","href":"https:\/\/api.w.org\/{rel}","templated":true}]}}