{"id":1687,"date":"2022-04-01T18:01:41","date_gmt":"2022-04-01T16:01:41","guid":{"rendered":"https:\/\/bigycb.cz\/demo\/?page_id=1687"},"modified":"2024-03-05T10:36:36","modified_gmt":"2024-03-05T09:36:36","slug":"uspechy-nasich-studentu","status":"publish","type":"page","link":"https:\/\/bigycb.cz\/bigy\/studenti-a-rodice\/uspechy-nasich-studentu\/","title":{"rendered":"\u00dasp\u011bchy na\u0161ich student\u016f"},"content":{"rendered":"<p>[vc_row][vc_column][vc_custom_heading text=&#8221;\u00dasp\u011bchy na\u0161ich student\u016f&#8221; font_container=&#8221;tag:h1|text_align:left&#8221; use_theme_fonts=&#8221;yes&#8221;][\/vc_column][\/vc_row][vc_row][vc_column]\t\t<div class=\"linp-post-list  layout_1\">\n\t\t\t\t\t\t\t<div class=\"vc_row\">\n\t\t\t\t\t\t\t\t\t\t\t\t\t\t\t\t\t\t<div class=\"item one fifth\">\n\t<div class=\"inner-wrap\">\n\t\t\t\t\t<div class=\"img-container\">\n\t\t\t\t<a href=\"https:\/\/bigycb.cz\/bigy\/puskinuv-pamatnik-2\/\"\n\t\t\t\t   title=\"Pu\u0161kin\u016fv pam\u00e1tn\u00edk\">\n\t\t\t\t   <img loading=\"lazy\" decoding=\"async\" width=\"768\" height=\"510\" src=\"https:\/\/bigycb.cz\/bigy\/wp-content\/uploads\/IMG_4488-scaled-e1776612793405-768x510.jpg\" class=\"post-list-thumb wp-post-image\" alt=\"\" \/>\t\t\t    <\/a>\n\t\t\t<\/div>\n\t\t\t\t<div class=\"data\">\n\t\t\t<div class=\"meta-data\">\n\t\t\t\t<div class=\"date\">\n\t\t\t\t\t<i class=\"icon-edtime3\"><\/i>\n\t\t\t\t\t\t\t\t\t\t\t21. 04. 2026\t\t\t\t\t\t\t\t\t<\/div>\n\t\t\t\t\t\t\t\t\t\t\t<\/div>\n\t\t\t<h3>\n\t\t\t\t<a title=\"Pu\u0161kin\u016fv pam\u00e1tn\u00edk\"\n\t\t\t\t   href=\"https:\/\/bigycb.cz\/bigy\/puskinuv-pamatnik-2\/\">\n\t\t\t\t\tPu\u0161kin\u016fv pam\u00e1tn\u00edk\t\t\t\t<\/a>\n\t\t\t<\/h3>\n\t\t\t\t\t\t\t\t<\/div>\n\t<\/div>\n<\/div>\t\t\t\t\t\t\n\t\t\t\t\t\t\t\t\t\t\t\t\t\t\t\t\t\t<div class=\"item one fifth\">\n\t<div class=\"inner-wrap\">\n\t\t\t\t\t<div class=\"img-container\">\n\t\t\t\t<a href=\"https:\/\/bigycb.cz\/bigy\/krajske-kolo-olympiady-ve-francouzskem-jazyce\/\"\n\t\t\t\t   title=\"Krajsk\u00e9 kolo olympi\u00e1dy ve francouzsk\u00e9m jazyce\">\n\t\t\t\t   <img loading=\"lazy\" decoding=\"async\" width=\"768\" height=\"510\" src=\"https:\/\/bigycb.cz\/bigy\/wp-content\/uploads\/Navrh-bez-nazvu-768x510.jpg\" class=\"post-list-thumb wp-post-image\" alt=\"\" \/>\t\t\t    <\/a>\n\t\t\t<\/div>\n\t\t\t\t<div class=\"data\">\n\t\t\t<div class=\"meta-data\">\n\t\t\t\t<div class=\"date\">\n\t\t\t\t\t<i class=\"icon-edtime3\"><\/i>\n\t\t\t\t\t\t\t\t\t\t\t30. 03. 2026\t\t\t\t\t\t\t\t\t<\/div>\n\t\t\t\t\t\t\t\t\t\t\t<\/div>\n\t\t\t<h3>\n\t\t\t\t<a title=\"Krajsk\u00e9 kolo olympi\u00e1dy ve francouzsk\u00e9m jazyce\"\n\t\t\t\t   href=\"https:\/\/bigycb.cz\/bigy\/krajske-kolo-olympiady-ve-francouzskem-jazyce\/\">\n\t\t\t\t\tKrajsk\u00e9 kolo olympi\u00e1dy ve francouzsk\u00e9m jazyce\t\t\t\t<\/a>\n\t\t\t<\/h3>\n\t\t\t\t\t\t\t\t<\/div>\n\t<\/div>\n<\/div>\t\t\t\t\t\t\n\t\t\t\t\t\t\t\t\t\t\t\t\t\t\t\t\t\t<div class=\"item one fifth\">\n\t<div class=\"inner-wrap\">\n\t\t\t\t\t<div class=\"img-container\">\n\t\t\t\t<a href=\"https:\/\/bigycb.cz\/bigy\/krajske-kolo-biologicke-olympiady-2\/\"\n\t\t\t\t   title=\"Krajsk\u00e9 kolo Biologick\u00e9 olympi\u00e1dy\">\n\t\t\t\t   <img loading=\"lazy\" decoding=\"async\" width=\"400\" height=\"300\" src=\"https:\/\/bigycb.cz\/bigy\/wp-content\/uploads\/Navrh-bez-nazvu-400x300.png\" class=\"post-list-thumb wp-post-image\" alt=\"\" \/>\t\t\t    <\/a>\n\t\t\t<\/div>\n\t\t\t\t<div class=\"data\">\n\t\t\t<div class=\"meta-data\">\n\t\t\t\t<div class=\"date\">\n\t\t\t\t\t<i class=\"icon-edtime3\"><\/i>\n\t\t\t\t\t\t\t\t\t\t\t25. 03. 2026\t\t\t\t\t\t\t\t\t<\/div>\n\t\t\t\t\t\t\t\t\t\t\t<\/div>\n\t\t\t<h3>\n\t\t\t\t<a title=\"Krajsk\u00e9 kolo Biologick\u00e9 olympi\u00e1dy\"\n\t\t\t\t   href=\"https:\/\/bigycb.cz\/bigy\/krajske-kolo-biologicke-olympiady-2\/\">\n\t\t\t\t\tKrajsk\u00e9 kolo Biologick\u00e9 olympi\u00e1dy\t\t\t\t<\/a>\n\t\t\t<\/h3>\n\t\t\t\t\t\t\t\t<\/div>\n\t<\/div>\n<\/div>\t\t\t\t\t\t\n\t\t\t\t\t\t\t\t\t\t\t\t\t\t\t\t\t\t<div class=\"item one fifth\">\n\t<div class=\"inner-wrap\">\n\t\t\t\t\t<div class=\"img-container\">\n\t\t\t\t<a href=\"https:\/\/bigycb.cz\/bigy\/krajske-kolo-olympiady-v-nemeckem-jazyce\/\"\n\t\t\t\t   title=\"Krajsk\u00e9 kolo olympi\u00e1dy v n\u011bmeck\u00e9m jazyce\">\n\t\t\t\t   <img loading=\"lazy\" decoding=\"async\" width=\"400\" height=\"300\" src=\"https:\/\/bigycb.cz\/bigy\/wp-content\/uploads\/1-1-400x300.jpg\" class=\"post-list-thumb wp-post-image\" alt=\"\" \/>\t\t\t    <\/a>\n\t\t\t<\/div>\n\t\t\t\t<div class=\"data\">\n\t\t\t<div class=\"meta-data\">\n\t\t\t\t<div class=\"date\">\n\t\t\t\t\t<i class=\"icon-edtime3\"><\/i>\n\t\t\t\t\t\t\t\t\t\t\t11. 03. 2026\t\t\t\t\t\t\t\t\t<\/div>\n\t\t\t\t\t\t\t\t\t\t\t<\/div>\n\t\t\t<h3>\n\t\t\t\t<a title=\"Krajsk\u00e9 kolo olympi\u00e1dy v n\u011bmeck\u00e9m jazyce\"\n\t\t\t\t   href=\"https:\/\/bigycb.cz\/bigy\/krajske-kolo-olympiady-v-nemeckem-jazyce\/\">\n\t\t\t\t\tKrajsk\u00e9 kolo olympi\u00e1dy v n\u011bmeck\u00e9m jazyce\t\t\t\t<\/a>\n\t\t\t<\/h3>\n\t\t\t\t\t\t\t\t<\/div>\n\t<\/div>\n<\/div>\t\t\t\t\t\t\n\t\t\t\t\t\t\t\t\t\t\t\t\t\t\t\t\t\t<div class=\"item one fifth\">\n\t<div class=\"inner-wrap\">\n\t\t\t\t\t<div class=\"img-container\">\n\t\t\t\t<a href=\"https:\/\/bigycb.cz\/bigy\/trio-z-2-e-si-vyzpivalo-postup-do-krajskeho-kola\/\"\n\t\t\t\t   title=\"Trio z 2. E si &quot;vyzp\u00edvalo&quot; postup do krajsk\u00e9ho kola\">\n\t\t\t\t   <img loading=\"lazy\" decoding=\"async\" width=\"400\" height=\"301\" src=\"https:\/\/bigycb.cz\/bigy\/wp-content\/uploads\/1000015886-1-e1744794257485-400x301.jpg\" class=\"post-list-thumb wp-post-image\" alt=\"\" \/>\t\t\t    <\/a>\n\t\t\t<\/div>\n\t\t\t\t<div class=\"data\">\n\t\t\t<div class=\"meta-data\">\n\t\t\t\t<div class=\"date\">\n\t\t\t\t\t<i class=\"icon-edtime3\"><\/i>\n\t\t\t\t\t\t\t\t\t\t\t21. 04. 2025\t\t\t\t\t\t\t\t\t<\/div>\n\t\t\t\t\t\t\t\t\t\t\t<\/div>\n\t\t\t<h3>\n\t\t\t\t<a title=\"Trio z 2. E si &quot;vyzp\u00edvalo&quot; postup do krajsk\u00e9ho kola\"\n\t\t\t\t   href=\"https:\/\/bigycb.cz\/bigy\/trio-z-2-e-si-vyzpivalo-postup-do-krajskeho-kola\/\">\n\t\t\t\t\tTrio z 2. E si &quot;vyzp\u00edvalo&quot; postup do krajsk\u00e9ho kola\t\t\t\t<\/a>\n\t\t\t<\/h3>\n\t\t\t\t\t\t\t\t<\/div>\n\t<\/div>\n<\/div>\t\t\t\t\t\t\n\t\t\t\t\t\t\t\t\t<\/div>\n\t\t\t\t\t\t\t<div class=\"vc_row\">\n\t\t\t\t\t\t\t\t\t\t\t\t\t\t\t\t\t\t<div class=\"item one fifth\">\n\t<div class=\"inner-wrap\">\n\t\t\t\t\t<div class=\"img-container\">\n\t\t\t\t<a href=\"https:\/\/bigycb.cz\/bigy\/olympiada-v-nemeckem-jazyce-2\/\"\n\t\t\t\t   title=\"Olympi\u00e1da v n\u011bmeck\u00e9m jazyce\">\n\t\t\t\t   <img loading=\"lazy\" decoding=\"async\" width=\"400\" height=\"240\" src=\"https:\/\/bigycb.cz\/bigy\/wp-content\/uploads\/nemecka-vlajka-e1744783867827-400x240.png\" class=\"post-list-thumb wp-post-image\" alt=\"\" \/>\t\t\t    <\/a>\n\t\t\t<\/div>\n\t\t\t\t<div class=\"data\">\n\t\t\t<div class=\"meta-data\">\n\t\t\t\t<div class=\"date\">\n\t\t\t\t\t<i class=\"icon-edtime3\"><\/i>\n\t\t\t\t\t\t\t\t\t\t\t17. 04. 2025\t\t\t\t\t\t\t\t\t<\/div>\n\t\t\t\t\t\t\t\t\t\t\t<\/div>\n\t\t\t<h3>\n\t\t\t\t<a title=\"Olympi\u00e1da v n\u011bmeck\u00e9m jazyce\"\n\t\t\t\t   href=\"https:\/\/bigycb.cz\/bigy\/olympiada-v-nemeckem-jazyce-2\/\">\n\t\t\t\t\tOlympi\u00e1da v n\u011bmeck\u00e9m jazyce\t\t\t\t<\/a>\n\t\t\t<\/h3>\n\t\t\t\t\t\t\t\t<\/div>\n\t<\/div>\n<\/div>\t\t\t\t\t\t\n\t\t\t\t\t\t\t\t\t\t\t\t\t\t\t\t\t\t<div class=\"item one fifth\">\n\t<div class=\"inner-wrap\">\n\t\t\t\t\t<div class=\"img-container\">\n\t\t\t\t<a href=\"https:\/\/bigycb.cz\/bigy\/medailove-umisteni-v-okresnim-kole-olympiady-v-anglickem-jazyce\/\"\n\t\t\t\t   title=\"Medailov\u00e9 um\u00edst\u011bn\u00ed v\u00a0okresn\u00edm kole olympi\u00e1dy v\u00a0anglick\u00e9m jazyce\">\n\t\t\t\t   <img loading=\"lazy\" decoding=\"async\" width=\"400\" height=\"318\" src=\"https:\/\/bigycb.cz\/bigy\/wp-content\/uploads\/IMG_2151-1-scaled-e1740481920755-400x318.jpg\" class=\"post-list-thumb wp-post-image\" alt=\"\" \/>\t\t\t    <\/a>\n\t\t\t<\/div>\n\t\t\t\t<div class=\"data\">\n\t\t\t<div class=\"meta-data\">\n\t\t\t\t<div class=\"date\">\n\t\t\t\t\t<i class=\"icon-edtime3\"><\/i>\n\t\t\t\t\t\t\t\t\t\t\t25. 02. 2025\t\t\t\t\t\t\t\t\t<\/div>\n\t\t\t\t\t\t\t\t\t\t\t<\/div>\n\t\t\t<h3>\n\t\t\t\t<a title=\"Medailov\u00e9 um\u00edst\u011bn\u00ed v\u00a0okresn\u00edm kole olympi\u00e1dy v\u00a0anglick\u00e9m jazyce\"\n\t\t\t\t   href=\"https:\/\/bigycb.cz\/bigy\/medailove-umisteni-v-okresnim-kole-olympiady-v-anglickem-jazyce\/\">\n\t\t\t\t\tMedailov\u00e9 um\u00edst\u011bn\u00ed v\u00a0okresn\u00edm kole olympi\u00e1dy v\u00a0anglick\u00e9m jazyce\t\t\t\t<\/a>\n\t\t\t<\/h3>\n\t\t\t\t\t\t\t\t<\/div>\n\t<\/div>\n<\/div>\t\t\t\t\t\t\n\t\t\t\t\t\t\t\t\t\t\t\t\t\t\t\t\t\t<div class=\"item one fifth\">\n\t<div class=\"inner-wrap\">\n\t\t\t\t\t<div class=\"img-container\">\n\t\t\t\t<a href=\"https:\/\/bigycb.cz\/bigy\/talent-jihoceskeho-kraje\/\"\n\t\t\t\t   title=\"Talent Jiho\u010desk\u00e9ho kraje\">\n\t\t\t\t   <img loading=\"lazy\" decoding=\"async\" width=\"400\" height=\"267\" src=\"https:\/\/bigycb.cz\/bigy\/wp-content\/uploads\/IMG_20250211_171948-1-e1739876243214-400x267.jpg\" class=\"post-list-thumb wp-post-image\" alt=\"\" \/>\t\t\t    <\/a>\n\t\t\t<\/div>\n\t\t\t\t<div class=\"data\">\n\t\t\t<div class=\"meta-data\">\n\t\t\t\t<div class=\"date\">\n\t\t\t\t\t<i class=\"icon-edtime3\"><\/i>\n\t\t\t\t\t\t\t\t\t\t\t18. 02. 2025\t\t\t\t\t\t\t\t\t<\/div>\n\t\t\t\t\t\t\t\t\t\t\t<\/div>\n\t\t\t<h3>\n\t\t\t\t<a title=\"Talent Jiho\u010desk\u00e9ho kraje\"\n\t\t\t\t   href=\"https:\/\/bigycb.cz\/bigy\/talent-jihoceskeho-kraje\/\">\n\t\t\t\t\tTalent Jiho\u010desk\u00e9ho kraje\t\t\t\t<\/a>\n\t\t\t<\/h3>\n\t\t\t\t\t\t\t\t<\/div>\n\t<\/div>\n<\/div>\t\t\t\t\t\t\n\t\t\t\t\t\t\t\t\t\t\t\t\t\t\t\t\t\t<div class=\"item one fifth\">\n\t<div class=\"inner-wrap\">\n\t\t\t\t\t<div class=\"img-container\">\n\t\t\t\t<a href=\"https:\/\/bigycb.cz\/bigy\/vysledky-cambridgeskych-zkousek\/\"\n\t\t\t\t   title=\"V\u00fdsledky cambridgesk\u00fdch\u00a0 zkou\u0161ek\u00a0\">\n\t\t\t\t   <img loading=\"lazy\" decoding=\"async\" width=\"300\" height=\"300\" src=\"https:\/\/bigycb.cz\/bigy\/wp-content\/uploads\/csm_cambridge-english-assessment-logo_5f43b257b2-e1738145017148-300x300.jpg\" class=\"post-list-thumb wp-post-image\" alt=\"\" \/>\t\t\t    <\/a>\n\t\t\t<\/div>\n\t\t\t\t<div class=\"data\">\n\t\t\t<div class=\"meta-data\">\n\t\t\t\t<div class=\"date\">\n\t\t\t\t\t<i class=\"icon-edtime3\"><\/i>\n\t\t\t\t\t\t\t\t\t\t\t29. 01. 2025\t\t\t\t\t\t\t\t\t<\/div>\n\t\t\t\t\t\t\t\t\t\t\t<\/div>\n\t\t\t<h3>\n\t\t\t\t<a title=\"V\u00fdsledky cambridgesk\u00fdch\u00a0 zkou\u0161ek\u00a0\"\n\t\t\t\t   href=\"https:\/\/bigycb.cz\/bigy\/vysledky-cambridgeskych-zkousek\/\">\n\t\t\t\t\tV\u00fdsledky cambridgesk\u00fdch\u00a0 zkou\u0161ek\u00a0\t\t\t\t<\/a>\n\t\t\t<\/h3>\n\t\t\t\t\t\t\t\t<\/div>\n\t<\/div>\n<\/div>\t\t\t\t\t\t\n\t\t\t\t\t\t\t\t\t\t\t\t\t\t\t\t\t\t<div class=\"item one fifth\">\n\t<div class=\"inner-wrap\">\n\t\t\t\t\t<div class=\"img-container\">\n\t\t\t\t<a href=\"https:\/\/bigycb.cz\/bigy\/bigy-opet-zabodovalo-v-okresnim-kole-dejepisne-olympiady\/\"\n\t\t\t\t   title=\"BIGY op\u011bt zabodovalo v okresn\u00edm kole d\u011bjepisn\u00e9 olympi\u00e1dy\">\n\t\t\t\t   <img loading=\"lazy\" decoding=\"async\" width=\"768\" height=\"510\" src=\"https:\/\/bigycb.cz\/bigy\/wp-content\/uploads\/Dejepisna-olympiada_foto-1-1-e1737970891165-768x510.jpg\" class=\"post-list-thumb wp-post-image\" alt=\"\" \/>\t\t\t    <\/a>\n\t\t\t<\/div>\n\t\t\t\t<div class=\"data\">\n\t\t\t<div class=\"meta-data\">\n\t\t\t\t<div class=\"date\">\n\t\t\t\t\t<i class=\"icon-edtime3\"><\/i>\n\t\t\t\t\t\t\t\t\t\t\t27. 01. 2025\t\t\t\t\t\t\t\t\t<\/div>\n\t\t\t\t\t\t\t\t\t\t\t<\/div>\n\t\t\t<h3>\n\t\t\t\t<a title=\"BIGY op\u011bt zabodovalo v okresn\u00edm kole d\u011bjepisn\u00e9 olympi\u00e1dy\"\n\t\t\t\t   href=\"https:\/\/bigycb.cz\/bigy\/bigy-opet-zabodovalo-v-okresnim-kole-dejepisne-olympiady\/\">\n\t\t\t\t\tBIGY op\u011bt zabodovalo v okresn\u00edm kole d\u011bjepisn\u00e9 olympi\u00e1dy\t\t\t\t<\/a>\n\t\t\t<\/h3>\n\t\t\t\t\t\t\t\t<\/div>\n\t<\/div>\n<\/div>\t\t\t\t\t\t\n\t\t\t\t\t\t\t\t\t<\/div>\n\t\t\t\t\t\t\t\t<\/div>\n\t\t[\/vc_column][\/vc_row]<\/p>\n","protected":false},"excerpt":{"rendered":"<p>[vc_row][vc_column][vc_custom_heading text=&#8221;\u00dasp\u011bchy na\u0161ich student\u016f&#8221; font_container=&#8221;tag:h1|text_align:left&#8221; use_theme_fonts=&#8221;yes&#8221;][\/vc_column][\/vc_row][vc_row][vc_column][\/vc_column][\/vc_row]<\/p>\n","protected":false},"author":1,"featured_media":0,"parent":500,"menu_order":11,"comment_status":"closed","ping_status":"closed","template":"template-fullwidth.php","meta":{"footnotes":""},"class_list":["post-1687","page","type-page","status-publish","hentry","odd"],"_links":{"self":[{"href":"https:\/\/bigycb.cz\/bigy\/wp-json\/wp\/v2\/pages\/1687","targetHints":{"allow":["GET"]}}],"collection":[{"href":"https:\/\/bigycb.cz\/bigy\/wp-json\/wp\/v2\/pages"}],"about":[{"href":"https:\/\/bigycb.cz\/bigy\/wp-json\/wp\/v2\/types\/page"}],"author":[{"embeddable":true,"href":"https:\/\/bigycb.cz\/bigy\/wp-json\/wp\/v2\/users\/1"}],"replies":[{"embeddable":true,"href":"https:\/\/bigycb.cz\/bigy\/wp-json\/wp\/v2\/comments?post=1687"}],"version-history":[{"count":4,"href":"https:\/\/bigycb.cz\/bigy\/wp-json\/wp\/v2\/pages\/1687\/revisions"}],"predecessor-version":[{"id":1692,"href":"https:\/\/bigycb.cz\/bigy\/wp-json\/wp\/v2\/pages\/1687\/revisions\/1692"}],"up":[{"embeddable":true,"href":"https:\/\/bigycb.cz\/bigy\/wp-json\/wp\/v2\/pages\/500"}],"wp:attachment":[{"href":"https:\/\/bigycb.cz\/bigy\/wp-json\/wp\/v2\/media?parent=1687"}],"curies":[{"name":"wp","href":"https:\/\/api.w.org\/{rel}","templated":true}]}}