{"id":1051,"date":"2022-02-28T08:27:48","date_gmt":"2022-02-28T07:27:48","guid":{"rendered":"https:\/\/bigycb.cz\/demo\/?page_id=1051"},"modified":"2024-03-05T10:35:05","modified_gmt":"2024-03-05T09:35:05","slug":"krestanska-pedagogicko-psychologicka-poradna","status":"publish","type":"page","link":"https:\/\/bigycb.cz\/bigy\/studenti-a-rodice\/krestanska-pedagogicko-psychologicka-poradna\/","title":{"rendered":"KPP poradna a \u0161koln\u00ed psycholog"},"content":{"rendered":"<p>[vc_row][vc_column][vc_column_text]<\/p>\n<h1>KPP poradna a \u0161koln\u00ed psycholog<\/h1>\n<p>Ve \u0161koln\u00edm roce 2020\/21 za\u010dala p\u0159i Biskupsk\u00e9m gymn\u00e1ziu p\u016fsobit K\u0159es\u0165ansk\u00e1 pedagogicko-psychologick\u00e1 poradna, kter\u00e1 \u00fazce spolupracuje s v\u00fdchovnou poradkyn\u00ed a pom\u00e1h\u00e1 \u017e\u00e1k\u016fm, p\u0159\u00edpadn\u011b jejich rodin\u00e1m s probl\u00e9my (konzultace, individu\u00e1ln\u00ed vzd\u011bl\u00e1vac\u00ed pl\u00e1ny, pl\u00e1ny pedagogick\u00e9 podpory). Od ledna 2024 p\u016fsob\u00ed na na\u0161em gymn\u00e1ziu tak\u00e9 \u0161koln\u00ed psycholog PhDr. Alena Ger\u0161lov\u00e1.<\/p>\n<p>[\/vc_column_text][\/vc_column][\/vc_row][vc_row][vc_column width=&#8221;1\/2&#8243;][vc_column_text]<div class=\"abcfslGridCntr  abcfslMLRAuto SL_L_v390 abcfslGridCntr_446\"><div class=\"abcfslItemCntrLst abcfslPadBMB30 abcfClrFix\"><div class=\"abcfslLstCol abcfslLstCol-4 abcfslImgColLst\"><div class=\"abcfslImgCntrLst abcfslMLRPc\"><img decoding=\"async\"  src=\"https:\/\/bigycb.cz\/bigy\/wp-content\/uploads\/avatar_f-123x155.png\" alt=\"\" itemprop=\"image\"  \/><\/div><\/div><div class=\"abcfslLstCol abcfslLstCol-8 abcfslTxtColLst\"><div class=\"abcfslTxtCntrLst  abcfslPadLPc5\"><div class=\"abcfslF18 MP-F1\" style=\"color: #3A73A6\"><span class=\"abcfslSpanMP1\">Mgr. <\/span><span class=\"abcfslSpanMP2\">Kate\u0159ina <\/span><span class=\"abcfslSpanMP3\">Fajtov\u00e1 <\/span><\/div><div class=\"abcfslMT3  abcfslF14_6 T-F2\">K\u0159es\u0165ansk\u00e1 pedagogicko-psychologick\u00e1 poradna<\/div><div class=\"abcfslMT3  abcfslF14 staff_kabinet_before T-F8\">114<\/div><div class=\"abcfslMT3  abcfslF14 T-F4\">telefon na vy\u017e\u00e1d\u00e1n\u00ed v kancel\u00e1\u0159i<\/div><div class=\"abcfslMT3  abcfslF14 EM-F5\"><a href=\"mailto:fajtova@kppp-plzen.cz\">fajtova@kppp-plzen.cz<\/a><\/div><div class=\"abcfslMT3  abcfslF14 T-F9\">konzultace dle dohody<\/div><\/div><\/div><\/div><\/div>[\/vc_column_text][\/vc_column][vc_column width=&#8221;1\/2&#8243;][vc_column_text]<div class=\"abcfslGridCntr  abcfslMLRAuto SL_L_v390 abcfslGridCntr_446\"><div class=\"abcfslItemCntrLst abcfslPadBMB30 abcfClrFix\"><div class=\"abcfslLstCol abcfslLstCol-4 abcfslImgColLst\"><div class=\"abcfslImgCntrLst abcfslMLRPc\"><img decoding=\"async\"  src=\"https:\/\/bigycb.cz\/bigy\/wp-content\/uploads\/avatar_f-123x155.png\" alt=\"\" itemprop=\"image\"  \/><\/div><\/div><div class=\"abcfslLstCol abcfslLstCol-8 abcfslTxtColLst\"><div class=\"abcfslTxtCntrLst  abcfslPadLPc5\"><div class=\"abcfslF18 MP-F1\" style=\"color: #3A73A6\"><span class=\"abcfslSpanMP1\">PhDr. <\/span><span class=\"abcfslSpanMP2\">Alena <\/span><span class=\"abcfslSpanMP3\">Ger\u0161lov\u00e1 <\/span><\/div><div class=\"abcfslMT3  abcfslF14_6 T-F2\">\u0161koln\u00ed psycholog<\/div><div class=\"abcfslMT3  abcfslF14 staff_kabinet_before T-F8\">114<\/div><div class=\"abcfslMT3  abcfslF14 T-F4\">602 635 724<\/div><div class=\"abcfslMT3  abcfslF14 EM-F5\"><a href=\"mailto:gerslova@bigy-cb.cz\">gerslova@bigy-cb.cz<\/a><\/div><div class=\"abcfslMT3  abcfslF14 T-F9\">konzultace: \u00fat 9 - 16, st 12 - 16 (po telefonick\u00e9 nebo mailov\u00e9 domluv\u011b)<\/div><\/div><\/div><\/div><\/div>[\/vc_column_text][\/vc_column][\/vc_row]<\/p>\n","protected":false},"excerpt":{"rendered":"<p>[vc_row][vc_column][vc_column_text] KPP poradna a \u0161koln\u00ed psycholog Ve \u0161koln\u00edm roce 2020\/21 za\u010dala p\u0159i Biskupsk\u00e9m gymn\u00e1ziu p\u016fsobit K\u0159es\u0165ansk\u00e1 pedagogicko-psychologick\u00e1 poradna, kter\u00e1 \u00fazce&nbsp;<a href=\"https:\/\/bigycb.cz\/bigy\/studenti-a-rodice\/krestanska-pedagogicko-psychologicka-poradna\/\">&hellip;<\/a><\/p>\n","protected":false},"author":1,"featured_media":0,"parent":500,"menu_order":6,"comment_status":"closed","ping_status":"closed","template":"template-sidebar-right-childpages.php","meta":{"footnotes":""},"class_list":["post-1051","page","type-page","status-publish","hentry","odd"],"_links":{"self":[{"href":"https:\/\/bigycb.cz\/bigy\/wp-json\/wp\/v2\/pages\/1051","targetHints":{"allow":["GET"]}}],"collection":[{"href":"https:\/\/bigycb.cz\/bigy\/wp-json\/wp\/v2\/pages"}],"about":[{"href":"https:\/\/bigycb.cz\/bigy\/wp-json\/wp\/v2\/types\/page"}],"author":[{"embeddable":true,"href":"https:\/\/bigycb.cz\/bigy\/wp-json\/wp\/v2\/users\/1"}],"replies":[{"embeddable":true,"href":"https:\/\/bigycb.cz\/bigy\/wp-json\/wp\/v2\/comments?post=1051"}],"version-history":[{"count":15,"href":"https:\/\/bigycb.cz\/bigy\/wp-json\/wp\/v2\/pages\/1051\/revisions"}],"predecessor-version":[{"id":6290,"href":"https:\/\/bigycb.cz\/bigy\/wp-json\/wp\/v2\/pages\/1051\/revisions\/6290"}],"up":[{"embeddable":true,"href":"https:\/\/bigycb.cz\/bigy\/wp-json\/wp\/v2\/pages\/500"}],"wp:attachment":[{"href":"https:\/\/bigycb.cz\/bigy\/wp-json\/wp\/v2\/media?parent=1051"}],"curies":[{"name":"wp","href":"https:\/\/api.w.org\/{rel}","templated":true}]}}