{"id":10437,"date":"2025-10-17T15:36:39","date_gmt":"2025-10-17T13:36:39","guid":{"rendered":"https:\/\/bigycb.cz\/bigy\/?page_id=10437"},"modified":"2025-12-01T09:18:57","modified_gmt":"2025-12-01T08:18:57","slug":"merch","status":"publish","type":"page","link":"https:\/\/bigycb.cz\/bigy\/merch\/","title":{"rendered":"\u0160koln\u00ed merch"},"content":{"rendered":"<p>[vc_row][vc_column][vc_custom_heading text=&#8221;\u0160koln\u00ed merch&#8221; font_container=&#8221;tag:h1|text_align:left&#8221; use_theme_fonts=&#8221;yes&#8221;][\/vc_column][\/vc_row][vc_row][vc_column][vc_column_text]Pro studenty a zam\u011bstnance Biskupsk\u00e9ho gymn\u00e1zia nab\u00edz\u00edme k zakoupen\u00ed novou kolekci \u0161koln\u00edho merche. Nab\u00eddka obsahuje stylov\u00e1 tri\u010dka, mikiny a pl\u00e1t\u011bn\u00e9 ta\u0161ky. V\u0161echny produkty jsou vyroben\u00e9 z kvalitn\u00edch l\u00e1tek a potisknut\u00e9 technologi\u00ed DTF.<\/p>\n<p>Na t\u00e9to str\u00e1nce naleznete d\u016fle\u017eit\u00e9 podrobnosti k jednotliv\u00fdm produkt\u016fm. Pozorn\u011b si prostudujte dostupn\u00e9 barvy a <strong>tabulky velikost\u00ed<\/strong> &#8211; nesta\u010d\u00ed se \u0159\u00eddit obecn\u00fdm p\u00edsmenn\u00fdm ozna\u010den\u00edm velikosti, <strong>rozm\u011bry je t\u0159eba zm\u011b\u0159it na va\u0161em rozlo\u017een\u00e9m oble\u010den\u00ed od kraje ke kraji!<\/strong><\/p>\n<blockquote><p><strong>Objedn\u00e1v\u00e1n\u00ed bylo mo\u017en\u00e9 jen do 26. listopadu 2025.<\/strong><\/p><\/blockquote>\n<h4>Podrobnosti k objedn\u00e1v\u00e1n\u00ed:<\/h4>\n<ul>\n<li>Pro ka\u017ed\u00fd <strong>jeden produkt<\/strong> je t\u0159eba vyplnit zvl\u00e1\u0161\u0165 <strong>samostatn\u00fd<\/strong> objedn\u00e1vkov\u00fd formul\u00e1\u0159, <span style=\"color: #800000;\"><strong>kter\u00fd je dostupn\u00fd pouze po p\u0159ihl\u00e1\u0161en\u00ed \u0161koln\u00edm \u00fa\u010dtem<\/strong><\/span>. Formul\u00e1\u0159 je nutn\u00e9 vyplnit znovu i v p\u0159\u00edpad\u011b, \u017ee chcete od jednoho v\u00fdrobku objednat v\u00edce kus\u016f, velikost\u00ed nebo barev.<\/li>\n<li>\u0160kola bude zad\u00e1vat zbo\u017e\u00ed k v\u00fdrob\u011b hromadn\u011b po uplynut\u00ed lh\u016fty pro objedn\u00e1v\u00e1n\u00ed. Jen tak je mo\u017en\u00e9 dos\u00e1hnout zv\u00fdhodn\u011bn\u00fdch cen. P\u0159iobjedn\u00e1n\u00ed dal\u0161\u00edch kus\u016f bude mo\u017en\u00e9 a\u017e v dal\u0161\u00edm \u010dasov\u00e9m rozmez\u00ed nebo po individu\u00e1ln\u00ed domluv\u011b.<\/li>\n<li>Ka\u017ed\u00e1 objedn\u00e1vka je <strong>z\u00e1vazn\u00e1.<\/strong> Po vypln\u011bn\u00ed a odesl\u00e1n\u00ed objedn\u00e1vkov\u00e9ho formul\u00e1\u0159e je t\u0159eba konkr\u00e9tn\u00ed produkt neprodlen\u011b uhradit bankovn\u00edm p\u0159evodem (QR k\u00f3dem). <em>Pokud tento zp\u016fsob platby nen\u00ed mo\u017en\u00fd, mus\u00ed b\u00fdt zbo\u017e\u00ed uhrazeno v hotovosti na recepci \u0161koly &#8211; pouze ve v\u00fdjime\u010dn\u00fdch p\u0159\u00edpadech.<\/em><\/li>\n<li><em>Velikosti 3XL a v\u011bt\u0161\u00ed je mo\u017en\u00e9 objednat individu\u00e1ln\u011b, cena za tyto velikosti je vy\u0161\u0161\u00ed o 20\u201380 K\u010d. V p\u0159\u00edpad\u011b z\u00e1jmu kontaktujte p. Z\u00e1lesk\u00e9ho (kab. INF, <a href=\"mailto:zalesky@bigy-cb.cz\">zalesky@bigy-cb.cz<\/a>)<\/em><\/li>\n<\/ul>\n<h4>Postup objedn\u00e1n\u00ed:<\/h4>\n<p style=\"padding-left: 10px;\">1\ufe0f\u20e3 Promyslete si druh produktu, barvu a velikost.<\/p>\n<p style=\"padding-left: 10px;\">2\ufe0f\u20e3 Klikn\u011bte na modr\u00e9 tla\u010d\u00edtko &#8220;Objednat&#8230;&#8221; a vypl\u0148te objedn\u00e1vkov\u00fd formul\u00e1\u0159.<\/p>\n<p style=\"padding-left: 10px;\">3\ufe0f\u20e3 Na e-mail v\u00e1m p\u0159ijde shrnut\u00ed formul\u00e1\u0159e v\u010detn\u011b platebn\u00edch \u00fadaj\u016f. Produkt co nejd\u0159\u00edve uhra\u010fte, do zpr\u00e1vy pro p\u0159\u00edjemce vypl\u0148te n\u00e1zev produktu + p\u0159\u00edjmen\u00ed a jm\u00e9no (\u017e\u00e1ka). Nap\u0159. &#8220;<strong>D\u00e1msk\u00e9 tri\u010dko Nov\u00e1kov\u00e1 Jana<\/strong>&#8220;.<\/p>\n<p style=\"padding-left: 10px;\">4\ufe0f\u20e3 Vy\u010dkejte na e-mail s informacemi o vyzvednut\u00ed zbo\u017e\u00ed. Vzhledem k hromadn\u00e9mu objedn\u00e1v\u00e1n\u00ed m\u016f\u017ee tato doba trvat max. m\u011bs\u00edc.<\/p>\n<p>[\/vc_column_text][\/vc_column][\/vc_row][vc_row][vc_column][\/vc_column][\/vc_row][vc_row full_width=&#8221;stretch_row&#8221; css=&#8221;.vc_custom_1762719628709{margin-top: 25px !important;margin-bottom: 25px !important;background-color: #5eacae !important;}&#8221;][vc_column][vc_custom_heading text=&#8221;P\u00e1nsk\u00e1 kolekce&#8221; font_container=&#8221;tag:h2|text_align:left|color:%23ffffff&#8221; use_theme_fonts=&#8221;yes&#8221; css=&#8221;.vc_custom_1762719724751{padding-top: 0px !important;padding-bottom: 0px !important;}&#8221;][\/vc_column][\/vc_row][vc_row equal_height=&#8221;yes&#8221; css=&#8221;.vc_custom_1760727468083{padding: 0px !important;}&#8221; el_class=&#8221;box-merch&#8221;][vc_column width=&#8221;1\/2&#8243; css=&#8221;.vc_custom_1760727606956{padding-top: 25px !important;padding-right: 25px !important;padding-bottom: 0px !important;padding-left: 25px !important;}&#8221;][vc_custom_heading text=&#8221;Tri\u010dko p\u00e1nsk\u00e9&#8221; font_container=&#8221;tag:h2|text_align:left|color:%23555555&#8243; use_theme_fonts=&#8221;yes&#8221; css=&#8221;.vc_custom_1760728003759{padding-top: 5px !important;}&#8221;][vc_single_image image=&#8221;10470&#8243; img_size=&#8221;full&#8221;][vc_custom_heading text=&#8221;Dostupn\u00e9 barvy&#8221; font_container=&#8221;tag:h4|text_align:left&#8221; use_theme_fonts=&#8221;yes&#8221;][vc_column_text]<\/p>\n<table class=\"table-merch-colors\">\n<tbody>\n<tr>\n<td style=\"background-color: #2f2f2f;\">\u010dern\u00e1<br \/>\n(sv\u011btl\u00e9 logo)<\/td>\n<td style=\"background-color: #2b384b;\">navy<br \/>\n(sv\u011btl\u00e9 logo)<\/td>\n<td style=\"background-color: #3156a4;\">kr\u00e1lovsk\u00e1 modr\u00e1<br \/>\n(sv\u011btl\u00e9 logo)<\/td>\n<td style=\"background-color: #4f5f75;\">kamenn\u00e1 modr\u00e1<br \/>\n(sv\u011btl\u00e9 logo)<\/td>\n<td style=\"background-color: #76a7d0;\">sv\u011btle modr\u00e1<br \/>\n(sv\u011btl\u00e9 logo)<\/td>\n<td style=\"background-color: #b1deca;\">milenial mint<br \/>\n(sv\u011btl\u00e9 logo)<\/td>\n<td style=\"background-color: #7a1d49;\">bord\u00f3<br \/>\n(sv\u011btl\u00e9 logo)<\/td>\n<td style=\"background-color: #ffffff;\"><span style=\"color: #222222;\">b\u00edl\u00e1<br \/>\n(tmav\u00e9 logo)<\/span><\/td>\n<\/tr>\n<\/tbody>\n<\/table>\n<p>[\/vc_column_text][\/vc_column][vc_column width=&#8221;1\/2&#8243; css=&#8221;.vc_custom_1760727612920{padding-top: 25px !important;padding-right: 25px !important;padding-bottom: 0px !important;padding-left: 25px !important;background-color: #f7f7f7 !important;}&#8221;][vc_custom_heading text=&#8221;Podrobnosti&#8221; font_container=&#8221;tag:h4|text_align:left&#8221; use_theme_fonts=&#8221;yes&#8221;][vc_column_text]P\u00e1nsk\u00e9 klasick\u00e9 tri\u010dko, velmi pohodln\u00e9 na no\u0161en\u00ed. Dvoj\u00ed lemov\u00e1n\u00ed a bez bo\u010dn\u00ed \u0161v\u016f.<\/p>\n<ul>\n<li>100% bavlna<\/li>\n<li>gram\u00e1\u017e: 185 g\/m\u00b2<\/li>\n<li>\u017eebrovan\u00fd kulat\u00fd v\u00fdst\u0159ih s elastanem<\/li>\n<li>lze pr\u00e1t do 40 \u00b0C<\/li>\n<li>potisk na jedn\u00e9 stran\u011b u boku sv\u011btl\u00fdm nebo tmav\u00fdm logem<\/li>\n<\/ul>\n<p>[\/vc_column_text][vc_custom_heading text=&#8221;Tabulka velikost\u00ed&#8221; font_container=&#8221;tag:h4|text_align:left&#8221; use_theme_fonts=&#8221;yes&#8221;][vc_single_image image=&#8221;10549&#8243; img_size=&#8221;full&#8221;][vc_row_inner][vc_column_inner width=&#8221;1\/2&#8243; css=&#8221;.vc_custom_1760729866764{margin: 0px !important;padding: 0px !important;}&#8221;][vc_column_text]<\/p>\n<h2 style=\"text-align: center;\">270 K\u010d<\/h2>\n<p>[\/vc_column_text][\/vc_column_inner][vc_column_inner width=&#8221;1\/2&#8243;][vc_btn title=&#8221;Objednat tri\u010dko&#8221; style=&#8221;classic&#8221; shape=&#8221;square&#8221; color=&#8221;primary&#8221; align=&#8221;center&#8221; i_icon_fontawesome=&#8221;fas fa-shopping-cart&#8221; add_icon=&#8221;true&#8221; css=&#8221;.vc_custom_1762232657164{margin-top: 15px !important;}&#8221; link=&#8221;url:https%3A%2F%2Fdocs.google.com%2Fforms%2Fd%2Fe%2F1FAIpQLSdf9h3yQ76TNX1xECIKvC4vcQ7ZZn6mi-StFGbrbpw_FFtqng%2Fviewform%3Fusp%3Dpublish-editor|target:_blank&#8221;][\/vc_column_inner][\/vc_row_inner][\/vc_column][\/vc_row][vc_row][vc_column][vc_empty_space][\/vc_column][\/vc_row][vc_row equal_height=&#8221;yes&#8221; css=&#8221;.vc_custom_1760727468083{padding: 0px !important;}&#8221; el_class=&#8221;box-merch&#8221;][vc_column width=&#8221;1\/2&#8243; css=&#8221;.vc_custom_1760727606956{padding-top: 25px !important;padding-right: 25px !important;padding-bottom: 0px !important;padding-left: 25px !important;}&#8221;][vc_custom_heading text=&#8221;Mikina Hoodie p\u00e1nsk\u00e1&#8221; font_container=&#8221;tag:h2|text_align:left|color:%23555555&#8243; use_theme_fonts=&#8221;yes&#8221; css=&#8221;.vc_custom_1760764882069{padding-top: 5px !important;}&#8221;][vc_single_image image=&#8221;10479&#8243; img_size=&#8221;full&#8221;][vc_custom_heading text=&#8221;Dostupn\u00e9 barvy&#8221; font_container=&#8221;tag:h4|text_align:left&#8221; use_theme_fonts=&#8221;yes&#8221;][vc_column_text]<\/p>\n<table class=\"table-merch-colors\">\n<tbody>\n<tr>\n<td style=\"background-color: #2855a8;\">kr\u00e1lovsk\u00e1 modr\u00e1<br \/>\n(sv\u011btl\u00e9 logo)<\/td>\n<td style=\"background-color: #2b324e;\">Oxford navy<br \/>\n(sv\u011btl\u00e9 logo)<\/td>\n<td style=\"background-color: #5c7184;\">leteck\u00e1 modr\u00e1<br \/>\n(sv\u011btl\u00e9 logo)<\/td>\n<td style=\"background-color: #3d634c;\">lahvov\u00e1 zelen\u00e1<br \/>\n(sv\u011btl\u00e9 logo)<\/td>\n<td style=\"background-color: #e1f2fa;\"><span style=\"color: #222222;\">sky blue<br \/>\n(tmav\u00e9 logo)<\/span><\/td>\n<td style=\"background-color: #ffffff;\"><span style=\"color: #222222;\">b\u00edl\u00e1<br \/>\n(tmav\u00e9 logo)<\/span><\/td>\n<\/tr>\n<\/tbody>\n<\/table>\n<p>[\/vc_column_text][\/vc_column][vc_column width=&#8221;1\/2&#8243; css=&#8221;.vc_custom_1760727612920{padding-top: 25px !important;padding-right: 25px !important;padding-bottom: 0px !important;padding-left: 25px !important;background-color: #f7f7f7 !important;}&#8221;][vc_custom_heading text=&#8221;Podrobnosti&#8221; font_container=&#8221;tag:h4|text_align:left&#8221; use_theme_fonts=&#8221;yes&#8221;][vc_column_text]<em><strong>Dod\u011blat:<\/strong><\/em><\/p>\n<p>Mikina s kapuc\u00ed pro mu\u017ee s klokankou a modern\u00edm del\u0161\u00edm st\u0159ihem. Mikina je z vnit\u0159n\u00ed strany m\u00edrn\u011b m\u011bkk\u00e1, ale nen\u00ed nad\u00fdchan\u00e1 ani hu\u0148at\u00e1 \u2013 jedn\u00e1 se sp\u00ed\u0161e o leh\u010d\u00ed typ mikiny.<\/p>\n<ul>\n<li>80% bavlna, 20% polyester<\/li>\n<li>gram\u00e1\u017e: 280 g\/m\u00b2<\/li>\n<li>potisk z obou stran &#8211; na p\u0159edn\u00ed stran\u011b logo, na zadn\u00ed stran\u011b zjednodu\u0161en\u00fd n\u00e1zev \u0161koly (sv\u011btl\u00fd nebo tmav\u00fd tisk podle barvy)<\/li>\n<\/ul>\n<p>[\/vc_column_text][vc_custom_heading text=&#8221;Tabulka velikost\u00ed&#8221; font_container=&#8221;tag:h4|text_align:left&#8221; use_theme_fonts=&#8221;yes&#8221;][vc_single_image image=&#8221;10548&#8243; img_size=&#8221;full&#8221;][vc_row_inner][vc_column_inner width=&#8221;1\/2&#8243; css=&#8221;.vc_custom_1760729866764{margin: 0px !important;padding: 0px !important;}&#8221;][vc_column_text]<\/p>\n<h2 style=\"text-align: center;\">555 K\u010d<\/h2>\n<p>[\/vc_column_text][\/vc_column_inner][vc_column_inner width=&#8221;1\/2&#8243;][vc_btn title=&#8221;Objednat mikinu&#8221; style=&#8221;classic&#8221; shape=&#8221;square&#8221; color=&#8221;primary&#8221; align=&#8221;center&#8221; i_icon_fontawesome=&#8221;fas fa-shopping-cart&#8221; add_icon=&#8221;true&#8221; css=&#8221;.vc_custom_1762232704557{margin-top: 15px !important;}&#8221; link=&#8221;url:https%3A%2F%2Fdocs.google.com%2Fforms%2Fd%2Fe%2F1FAIpQLScXkVOEo3yjq_NxITI6yB775A1oaXOf_wZ_louMmwFTW4NOwQ%2Fviewform%3Fusp%3Dpublish-editor|target:_blank&#8221;][\/vc_column_inner][\/vc_row_inner][\/vc_column][\/vc_row][vc_row full_width=&#8221;stretch_row&#8221; css=&#8221;.vc_custom_1762719628709{margin-top: 25px !important;margin-bottom: 25px !important;background-color: #5eacae !important;}&#8221;][vc_column][vc_custom_heading text=&#8221;D\u00e1msk\u00e1 kolekce&#8221; font_container=&#8221;tag:h2|text_align:left|color:%23ffffff&#8221; use_theme_fonts=&#8221;yes&#8221; css=&#8221;.vc_custom_1762719773858{padding-top: 0px !important;padding-bottom: 0px !important;}&#8221;][\/vc_column][\/vc_row][vc_row equal_height=&#8221;yes&#8221; css=&#8221;.vc_custom_1760727468083{padding: 0px !important;}&#8221; el_class=&#8221;box-merch&#8221;][vc_column width=&#8221;1\/2&#8243; css=&#8221;.vc_custom_1760727606956{padding-top: 25px !important;padding-right: 25px !important;padding-bottom: 0px !important;padding-left: 25px !important;}&#8221;][vc_custom_heading text=&#8221;Tri\u010dko d\u00e1msk\u00e9&#8221; font_container=&#8221;tag:h2|text_align:left|color:%23555555&#8243; use_theme_fonts=&#8221;yes&#8221; css=&#8221;.vc_custom_1761856894860{padding-top: 5px !important;}&#8221;][vc_single_image image=&#8221;10554&#8243; img_size=&#8221;full&#8221;][vc_custom_heading text=&#8221;Dostupn\u00e9 barvy&#8221; font_container=&#8221;tag:h4|text_align:left&#8221; use_theme_fonts=&#8221;yes&#8221;][vc_column_text]<\/p>\n<table class=\"table-merch-colors\">\n<tbody>\n<tr>\n<td style=\"background-color: #2b384b;\">navy<br \/>\n(sv\u011btl\u00e9 logo)<\/td>\n<td style=\"background-color: #016273;\">tyrkysov\u00e1<br \/>\n(sv\u011btl\u00e9 logo)<\/td>\n<td style=\"background-color: #76a7d0;\">sv\u011btle modr\u00e1<br \/>\n(sv\u011btl\u00e9 logo)<\/td>\n<td style=\"background-color: #b1deca;\">milenial mint<br \/>\n(sv\u011btl\u00e9 logo)<\/td>\n<td style=\"background-color: #7a1d49;\">bord\u00f3<br \/>\n(sv\u011btl\u00e9 logo)<\/td>\n<td style=\"background-color: #ae0a46;\">Sorbet<br \/>\n(sv\u011btl\u00e9 logo)<\/td>\n<td style=\"background-color: #f8dde2;\"><span style=\"color: #222222;\">Orchidea r\u016f\u017eov\u00e1<br \/>\n(tmav\u00e9 logo)<\/span><\/td>\n<td style=\"background-color: #ffffff;\"><span style=\"color: #222222;\">b\u00edl\u00e1<br \/>\n(tmav\u00e9 logo)<\/span><\/td>\n<\/tr>\n<\/tbody>\n<\/table>\n<p>[\/vc_column_text][\/vc_column][vc_column width=&#8221;1\/2&#8243; css=&#8221;.vc_custom_1760727612920{padding-top: 25px !important;padding-right: 25px !important;padding-bottom: 0px !important;padding-left: 25px !important;background-color: #f7f7f7 !important;}&#8221;][vc_custom_heading text=&#8221;Podrobnosti&#8221; font_container=&#8221;tag:h4|text_align:left&#8221; use_theme_fonts=&#8221;yes&#8221;][vc_column_text]D\u00e1msk\u00e9 klasick\u00e9 tri\u010dko, velmi pohodln\u00e9 na no\u0161en\u00ed. Ruk\u00e1vy jsou kr\u00e1sn\u011b sed\u00edc\u00ed p\u0159es ramena, d\u00e9lka tri\u010dka p\u0159ekryje bedra a v\u00fdst\u0159ih nen\u00ed t\u011bsn\u011b u krku.<\/p>\n<ul>\n<li>100% bavlna<\/li>\n<li>gram\u00e1\u017e: 185 g\/m\u00b2<\/li>\n<li>\u017eebrovan\u00fd kulat\u00fd v\u00fdst\u0159ih s elastanem<\/li>\n<li>s bo\u010dn\u00edmi \u0161vy<\/li>\n<li>kr\u00e1tk\u00e9 ruk\u00e1vy<\/li>\n<li>lze pr\u00e1t do 40 \u00b0C<\/li>\n<li>potisk na jedn\u00e9 stran\u011b u boku sv\u011btl\u00fdm nebo tmav\u00fdm logem<\/li>\n<\/ul>\n<p>[\/vc_column_text][vc_custom_heading text=&#8221;Tabulka velikost\u00ed&#8221; font_container=&#8221;tag:h4|text_align:left&#8221; use_theme_fonts=&#8221;yes&#8221;][vc_single_image image=&#8221;10556&#8243; img_size=&#8221;full&#8221;][vc_row_inner][vc_column_inner width=&#8221;1\/2&#8243; css=&#8221;.vc_custom_1760729866764{margin: 0px !important;padding: 0px !important;}&#8221;][vc_column_text]<\/p>\n<h2 style=\"text-align: center;\">270 K\u010d<\/h2>\n<p>[\/vc_column_text][\/vc_column_inner][vc_column_inner width=&#8221;1\/2&#8243;][vc_btn title=&#8221;Objednat tri\u010dko&#8221; style=&#8221;classic&#8221; shape=&#8221;square&#8221; color=&#8221;primary&#8221; align=&#8221;center&#8221; i_icon_fontawesome=&#8221;fas fa-shopping-cart&#8221; add_icon=&#8221;true&#8221; css=&#8221;.vc_custom_1762232743338{margin-top: 15px !important;}&#8221; link=&#8221;url:https%3A%2F%2Fdocs.google.com%2Fforms%2Fd%2Fe%2F1FAIpQLSddXrwNcu6LneorfulfDrsRatELh4vS0XI9ezEtjBl4w3lomA%2Fviewform%3Fusp%3Ddialog|target:_blank&#8221;][\/vc_column_inner][\/vc_row_inner][\/vc_column][\/vc_row][vc_row][vc_column][vc_empty_space][\/vc_column][\/vc_row][vc_row equal_height=&#8221;yes&#8221; css=&#8221;.vc_custom_1760727468083{padding: 0px !important;}&#8221; el_class=&#8221;box-merch&#8221;][vc_column width=&#8221;1\/2&#8243; css=&#8221;.vc_custom_1760727606956{padding-top: 25px !important;padding-right: 25px !important;padding-bottom: 0px !important;padding-left: 25px !important;}&#8221;][vc_custom_heading text=&#8221;Mikina Hoodie d\u00e1msk\u00e1&#8221; font_container=&#8221;tag:h2|text_align:left|color:%23555555&#8243; use_theme_fonts=&#8221;yes&#8221; css=&#8221;.vc_custom_1761886639743{padding-top: 5px !important;}&#8221;][vc_single_image image=&#8221;10560&#8243; img_size=&#8221;full&#8221;][vc_custom_heading text=&#8221;Dostupn\u00e9 barvy&#8221; font_container=&#8221;tag:h4|text_align:left&#8221; use_theme_fonts=&#8221;yes&#8221;][vc_column_text]<\/p>\n<table class=\"table-merch-colors\">\n<tbody>\n<tr>\n<td style=\"background-color: #6b2643;\">Burgundy<br \/>\n(sv\u011btl\u00e9 logo)<\/td>\n<td style=\"background-color: #991546;\">hork\u00e1 r\u016f\u017eov\u00e1<br \/>\n(sv\u011btl\u00e9 logo)<\/td>\n<td style=\"background-color: #fecedd;\"><span style=\"color: #222222;\">r\u016f\u017eov\u00e1<br \/>\n(tmav\u00e9 logo)<\/span><\/td>\n<td style=\"background-color: #4f6984;\">leteck\u00e1 modr\u00e1<br \/>\n(sv\u011btl\u00e9 logo)<\/td>\n<td style=\"background-color: #e0f3f9;\"><span style=\"color: #222222;\">sky blue<br \/>\n(tmav\u00e9 logo)<\/span><\/td>\n<td style=\"background-color: #262f56;\">Oxford navy<br \/>\n(sv\u011btl\u00e9 logo)<\/td>\n<td style=\"background-color: #ffffff;\"><span style=\"color: #222222;\">b\u00edl\u00e1<br \/>\n(tmav\u00e9 logo)<\/span><\/td>\n<\/tr>\n<\/tbody>\n<\/table>\n<p>[\/vc_column_text][\/vc_column][vc_column width=&#8221;1\/2&#8243; css=&#8221;.vc_custom_1760727612920{padding-top: 25px !important;padding-right: 25px !important;padding-bottom: 0px !important;padding-left: 25px !important;background-color: #f7f7f7 !important;}&#8221;][vc_custom_heading text=&#8221;Podrobnosti&#8221; font_container=&#8221;tag:h4|text_align:left&#8221; use_theme_fonts=&#8221;yes&#8221;][vc_column_text]Stylov\u00e1 d\u00e1msk\u00e1 mikina, del\u0161\u00ed st\u0159ih a p\u0159\u00edjemn\u00e1 na dotek. Mikina je dostate\u010dn\u011b pevn\u00e1 a dob\u0159e padnouc\u00ed se \u0161irokou a praktick\u00e1 klokan\u00ed kapsou. Mikina je z vnit\u0159n\u00ed strany m\u00edrn\u011b m\u011bkk\u00e1, ale nen\u00ed nad\u00fdchan\u00e1 ani hu\u0148at\u00e1 \u2013 jedn\u00e1 se sp\u00ed\u0161e o leh\u010d\u00ed typ mikiny.<\/p>\n<ul>\n<li>80% bavlna, 20% polyester<\/li>\n<li>gram\u00e1\u017e: 280 g\/m\u00b2<\/li>\n<li>u\u017e\u0161\u00ed a del\u0161\u00ed st\u0159ih<\/li>\n<li>potisk z obou stran &#8211; na p\u0159edn\u00ed stran\u011b logo, na zadn\u00ed stran\u011b zjednodu\u0161en\u00fd n\u00e1zev \u0161koly (sv\u011btl\u00fd nebo tmav\u00fd tisk podle barvy)<\/li>\n<\/ul>\n<p>[\/vc_column_text][vc_custom_heading text=&#8221;Tabulka velikost\u00ed&#8221; font_container=&#8221;tag:h4|text_align:left&#8221; use_theme_fonts=&#8221;yes&#8221;][vc_single_image image=&#8221;10564&#8243; img_size=&#8221;full&#8221;][vc_row_inner][vc_column_inner width=&#8221;1\/2&#8243; css=&#8221;.vc_custom_1760729866764{margin: 0px !important;padding: 0px !important;}&#8221;][vc_column_text]<\/p>\n<h2 style=\"text-align: center;\">555 K\u010d<\/h2>\n<p>[\/vc_column_text][\/vc_column_inner][vc_column_inner width=&#8221;1\/2&#8243;][vc_btn title=&#8221;Objednat mikinu&#8221; style=&#8221;classic&#8221; shape=&#8221;square&#8221; color=&#8221;primary&#8221; align=&#8221;center&#8221; i_icon_fontawesome=&#8221;fas fa-shopping-cart&#8221; add_icon=&#8221;true&#8221; css=&#8221;.vc_custom_1762232778423{margin-top: 15px !important;}&#8221; link=&#8221;url:https%3A%2F%2Fdocs.google.com%2Fforms%2Fd%2Fe%2F1FAIpQLScav9Z3XpIXtmtPhqFVx2PJzc-inj5VIzlFLCmqrUnLP6eWkw%2Fviewform%3Fusp%3Ddialog|target:_blank&#8221;][\/vc_column_inner][\/vc_row_inner][\/vc_column][\/vc_row][vc_row full_width=&#8221;stretch_row&#8221; css=&#8221;.vc_custom_1762719628709{margin-top: 25px !important;margin-bottom: 25px !important;background-color: #5eacae !important;}&#8221;][vc_column][vc_custom_heading text=&#8221;Ta\u0161ky&#8221; font_container=&#8221;tag:h2|text_align:left|color:%23ffffff&#8221; use_theme_fonts=&#8221;yes&#8221; css=&#8221;.vc_custom_1762719791737{padding-top: 0px !important;padding-bottom: 0px !important;}&#8221;][\/vc_column][\/vc_row][vc_row equal_height=&#8221;yes&#8221; css=&#8221;.vc_custom_1760727468083{padding: 0px !important;}&#8221; el_class=&#8221;box-merch&#8221;][vc_column width=&#8221;1\/2&#8243; css=&#8221;.vc_custom_1760727606956{padding-top: 25px !important;padding-right: 25px !important;padding-bottom: 0px !important;padding-left: 25px !important;}&#8221;][vc_custom_heading text=&#8221;Pl\u00e1t\u011bn\u00e1 ta\u0161ka&#8221; font_container=&#8221;tag:h2|text_align:left|color:%23555555&#8243; use_theme_fonts=&#8221;yes&#8221; css=&#8221;.vc_custom_1760726496358{padding-top: 5px !important;}&#8221;][vc_single_image image=&#8221;10451&#8243; img_size=&#8221;full&#8221;][vc_custom_heading text=&#8221;Dostupn\u00e9 barvy&#8221; font_container=&#8221;tag:h4|text_align:left&#8221; use_theme_fonts=&#8221;yes&#8221;][vc_column_text]<\/p>\n<table class=\"table-merch-colors\">\n<tbody>\n<tr>\n<td style=\"background-color: #666670;\">grafitov\u00e1<br \/>\n(sv\u011btl\u00e9 logo)<\/td>\n<td style=\"background-color: #a04b44;\">\u010derven\u00e1 rez<br \/>\n(sv\u011btl\u00e9 logo)<\/td>\n<td style=\"background-color: #90b4b4;\">zelen\u00e1 \u0161alv\u011bj<br \/>\n(sv\u011btl\u00e9 logo)<\/td>\n<td style=\"background-color: #5984a4;\">leteck\u00e1 modr\u00e1<br \/>\n(sv\u011btl\u00e9 logo)<\/td>\n<td style=\"background-color: #f1ecd9;\"><span style=\"color: #222222;\">natur\u00e1ln\u00ed<br \/>\n(tmav\u00e9 logo)<\/span><\/td>\n<\/tr>\n<\/tbody>\n<\/table>\n<p>[\/vc_column_text][\/vc_column][vc_column width=&#8221;1\/2&#8243; css=&#8221;.vc_custom_1760727612920{padding-top: 25px !important;padding-right: 25px !important;padding-bottom: 0px !important;padding-left: 25px !important;background-color: #f7f7f7 !important;}&#8221;][vc_custom_heading text=&#8221;Podrobnosti&#8221; font_container=&#8221;tag:h4|text_align:left&#8221; use_theme_fonts=&#8221;yes&#8221;][vc_column_text]Textiln\u00ed ta\u0161ka za 100% bavlny, ide\u00e1ln\u00ed spole\u010dn\u00edk ke kabelce \u010di batohu.<\/p>\n<ul>\n<li>premium t\u011b\u017ek\u00e1 tkanina (340 g\/m\u00b2)<\/li>\n<li>objem 10 l<\/li>\n<li>dlouh\u00e9 u\u0161i 67 cm<\/li>\n<li>potisk na jedn\u00e9 stran\u011b sv\u011btl\u00fdm nebo tmav\u00fdm logem<\/li>\n<\/ul>\n<p>[\/vc_column_text][vc_custom_heading text=&#8221;Tabulka velikost\u00ed&#8221; font_container=&#8221;tag:h4|text_align:left&#8221; use_theme_fonts=&#8221;yes&#8221;][vc_single_image image=&#8221;10485&#8243; img_size=&#8221;full&#8221;][vc_row_inner][vc_column_inner width=&#8221;1\/2&#8243; css=&#8221;.vc_custom_1760729866764{margin: 0px !important;padding: 0px !important;}&#8221;][vc_column_text]<\/p>\n<h2 style=\"text-align: center;\">290 K\u010d<\/h2>\n<p>[\/vc_column_text][\/vc_column_inner][vc_column_inner width=&#8221;1\/2&#8243;][vc_btn title=&#8221;Objednat ta\u0161ku&#8221; style=&#8221;classic&#8221; shape=&#8221;square&#8221; color=&#8221;primary&#8221; align=&#8221;center&#8221; i_icon_fontawesome=&#8221;fas fa-shopping-cart&#8221; add_icon=&#8221;true&#8221; css=&#8221;.vc_custom_1762231967089{margin-top: 15px !important;}&#8221; link=&#8221;url:https%3A%2F%2Fdocs.google.com%2Fforms%2Fd%2Fe%2F1FAIpQLSdnMunI2I9Y8nqUgl3JTaq58yjZ0AkyJ5F97bIvJoWzm0K6GQ%2Fviewform%3Fusp%3Ddialog|target:_blank&#8221;][\/vc_column_inner][\/vc_row_inner][\/vc_column][\/vc_row][vc_row][vc_column][vc_empty_space][\/vc_column][\/vc_row]<\/p>\n","protected":false},"excerpt":{"rendered":"<p>[vc_row][vc_column][vc_custom_heading text=&#8221;\u0160koln\u00ed merch&#8221; font_container=&#8221;tag:h1|text_align:left&#8221; use_theme_fonts=&#8221;yes&#8221;][\/vc_column][\/vc_row][vc_row][vc_column][vc_column_text]Pro studenty a zam\u011bstnance Biskupsk\u00e9ho gymn\u00e1zia nab\u00edz\u00edme k zakoupen\u00ed novou kolekci \u0161koln\u00edho merche. Nab\u00eddka obsahuje stylov\u00e1&nbsp;<a href=\"https:\/\/bigycb.cz\/bigy\/merch\/\">&hellip;<\/a><\/p>\n","protected":false},"author":1,"featured_media":0,"parent":0,"menu_order":0,"comment_status":"closed","ping_status":"closed","template":"template-fullwidth.php","meta":{"footnotes":""},"class_list":["post-10437","page","type-page","status-publish","hentry","odd"],"_links":{"self":[{"href":"https:\/\/bigycb.cz\/bigy\/wp-json\/wp\/v2\/pages\/10437","targetHints":{"allow":["GET"]}}],"collection":[{"href":"https:\/\/bigycb.cz\/bigy\/wp-json\/wp\/v2\/pages"}],"about":[{"href":"https:\/\/bigycb.cz\/bigy\/wp-json\/wp\/v2\/types\/page"}],"author":[{"embeddable":true,"href":"https:\/\/bigycb.cz\/bigy\/wp-json\/wp\/v2\/users\/1"}],"replies":[{"embeddable":true,"href":"https:\/\/bigycb.cz\/bigy\/wp-json\/wp\/v2\/comments?post=10437"}],"version-history":[{"count":74,"href":"https:\/\/bigycb.cz\/bigy\/wp-json\/wp\/v2\/pages\/10437\/revisions"}],"predecessor-version":[{"id":10744,"href":"https:\/\/bigycb.cz\/bigy\/wp-json\/wp\/v2\/pages\/10437\/revisions\/10744"}],"wp:attachment":[{"href":"https:\/\/bigycb.cz\/bigy\/wp-json\/wp\/v2\/media?parent=10437"}],"curies":[{"name":"wp","href":"https:\/\/api.w.org\/{rel}","templated":true}]}}