{"id":1029,"date":"2022-02-24T21:20:59","date_gmt":"2022-02-24T20:20:59","guid":{"rendered":"https:\/\/bigycb.cz\/demo\/?page_id=1029"},"modified":"2022-05-18T21:37:55","modified_gmt":"2022-05-18T19:37:55","slug":"bilingvni-studium","status":"publish","type":"page","link":"https:\/\/bigycb.cz\/bigy\/uchazeci\/bilingvni-studium\/","title":{"rendered":"Bilingvn\u00ed studium"},"content":{"rendered":"<h1>\u0160estilet\u00e9 bilingvn\u00ed \u010desko-\u0161pan\u011blsk\u00e9 studium<\/h1>\n<h3>Profil absolventa:<\/h3>\n<p>\u017d\u00e1ci vstupuj\u00ed na gymn\u00e1zium po absolvov\u00e1n\u00ed sedm\u00e9ho ro\u010dn\u00edku z\u00e1kladn\u00ed \u0161koly a po \u00fasp\u011b\u0161n\u00e9m slo\u017een\u00ed p\u0159ij\u00edmac\u00edch zkou\u0161ek z \u010desk\u00e9ho jazyka a matematiky. Vstupn\u00ed znalosti \u0161pan\u011bl\u0161tiny se nevy\u017eaduj\u00ed.<\/p>\n<p><strong>V 1. a 2. ro\u010dn\u00edku<\/strong>\u00a0gymn\u00e1zia prob\u00edh\u00e1 intenzivn\u00ed v\u00fduka \u0161pan\u011blsk\u00e9ho jazyka (10, resp. 11 hodin t\u00fddn\u011b), s \u010desk\u00fdm i \u0161pan\u011blsk\u00fdm vyu\u010duj\u00edc\u00edm. C\u00edlem je zvl\u00e1dnut\u00ed jazyka na z\u00e1kladn\u00ed \u00farovni v\u010detn\u011b osvojen\u00ed z\u00e1kladn\u00edch komunika\u010dn\u00edch dovednost\u00ed (gramatika, v\u00fdslovnost, slovn\u00ed z\u00e1soba, syntax). V u\u010debn\u00edm pl\u00e1nu je zahrnuta i angli\u010dtina ve 2 hodinov\u00e9 dotaci.<\/p>\n<p><strong>Ve 3. ro\u010dn\u00edku<\/strong>\u00a0se \u0161pan\u011bl\u0161tina vyu\u010duje v rozsahu 4 hodin t\u00fddn\u011b (op\u011bt \u010desk\u00fd i \u0161pan\u011blsk\u00fd u\u010ditel) a nadto doch\u00e1z\u00ed k pos\u00edlen\u00ed hodin dal\u0161\u00edho ciz\u00edho jazyka, angli\u010dtiny, na 4 hodiny t\u00fddn\u011b. B\u011bhem tohoto ro\u010dn\u00edku se studenti seznamuj\u00ed se z\u00e1klady stylistiky a p\u0159edpokl\u00e1d\u00e1 se \u010detba \u0161pan\u011blsky psan\u00fdch text\u016f. Od 3. ro\u010dn\u00edku prob\u00edh\u00e1 v\u00fduka d\u011bjepisu, zem\u011bpisu, matematiky, fyziky a chemie ve \u0161pan\u011blsk\u00e9m jazyce. Hodiny jsou vedeny p\u0159ev\u00e1\u017en\u011b rodil\u00fdmi mluv\u010d\u00edmi.<\/p>\n<p><strong>Ve 4. a 5. ro\u010dn\u00edku<\/strong>\u00a0se p\u0159edm\u011bt \u0161pan\u011blsk\u00fd jazyk a literatura vyu\u010duje v rozsahu 4 hodin t\u00fddn\u011b, hodiny jazyka jsou zam\u011b\u0159eny na zdokonalov\u00e1n\u00ed a upev\u0148ov\u00e1n\u00ed znalost\u00ed, doch\u00e1z\u00ed k roz\u0161i\u0159ov\u00e1n\u00ed slovn\u00ed z\u00e1soby, hodiny literatury jsou zam\u011b\u0159eny na jednotliv\u00e9 historick\u00e9 etapy v\u010detn\u011b intenzivn\u00ed \u010detby beletrie a periodik. I v tomto obdob\u00ed prob\u00edh\u00e1 v\u00fduka druh\u00e9ho ciz\u00edho jazyka (4 hodin t\u00fddn\u011b) a ve \u0161pan\u011bl\u0161tin\u011b je nad\u00e1le vyu\u010dov\u00e1n d\u011bjepis, zem\u011bpis, matematika, fyzika a chemie.<\/p>\n<p><strong>V 6. (posledn\u00edm) ro\u010dn\u00edku<\/strong>\u00a0je c\u00edlem \u00fasp\u011b\u0161n\u00e9 zvl\u00e1dnut\u00ed maturitn\u00ed zkou\u0161ky, \u0161pan\u011bl\u0161tina je vyu\u010dov\u00e1na v rozsahu 6 hodin t\u00fddn\u011b. Anglick\u00fd jazyk i nad\u00e1le v rozsahu 4 hodin t\u00fddn\u011b, ve \u0161pan\u011bl\u0161tin\u011b je rovn\u011b\u017e i d\u011bjepis, zem\u011bpis, matematika a fyzika. D\u00e1le si studenti vol\u00ed p\u0159edm\u011bty dle orientace na budouc\u00ed studium.<\/p>\n<p>Na konci \u0161est\u00e9ho ro\u010dn\u00edku skl\u00e1daj\u00ed studenti maturitu v t\u00e9to podob\u011b:<\/p>\n<ul>\n<li>Spole\u010dn\u00e1 (st\u00e1tn\u00ed) \u010d\u00e1st:\n<ul>\n<li>\u010cesk\u00fd jazyk a literatura<\/li>\n<li>Ciz\u00ed jazyk nebo matematika<\/li>\n<\/ul>\n<\/li>\n<\/ul>\n<ul>\n<li>Profilov\u00e1 (\u0161koln\u00ed) \u010d\u00e1st:\n<ul>\n<li>\u0160pan\u011blsk\u00fd jazyk a literatura (sou\u010d\u00e1st\u00ed zkou\u0161ky je i p\u00edsemn\u00fd test z literatury)<\/li>\n<li>V\u00fdb\u011br z p\u0159edm\u011bt\u016f vyu\u010dovan\u00fdch ve \u0161pan\u011bl\u0161tin\u011b \u2013 d\u011bjepis, zem\u011bpis, fyzika, chemie, matematika (zkou\u0161ka prob\u00edh\u00e1 ve \u0161pan\u011blsk\u00e9m jazyce vyjma zem\u011bpisu a d\u011bjepisu, kde prob\u00edh\u00e1 zkou\u0161ka v \u010desk\u00e9m i \u0161pan\u011blsk\u00e9m jazyce)<\/li>\n<\/ul>\n<p>&nbsp;<\/li>\n<\/ul>\n<p>B\u011bhem studia maj\u00ed studenti mo\u017enost absolvovat kr\u00e1tkodob\u00e9 pobyty ve \u0161pan\u011blsky mluv\u00edc\u00edch zem\u00edch, nadto m\u00e1 Biskupsk\u00e9 gymn\u00e1zium dlouholetou spolupr\u00e1ci s v\u00fdm\u011bnn\u00fdmi pobyty Rotary Klubu v zem\u00edch Latinsk\u00e9 Ameriky.<\/p>\n<p>Studenti vy\u0161\u0161\u00edch ro\u010dn\u00edk\u016f maj\u00ed mo\u017enost skl\u00e1dat mezin\u00e1rodn\u011b uzn\u00e1vanou zkou\u0161ku DELE p\u0159\u00edslu\u0161n\u00e9 \u00farovn\u011b.<\/p>\n","protected":false},"excerpt":{"rendered":"<p>\u0160estilet\u00e9 bilingvn\u00ed \u010desko-\u0161pan\u011blsk\u00e9 studium Profil absolventa: \u017d\u00e1ci vstupuj\u00ed na gymn\u00e1zium po absolvov\u00e1n\u00ed sedm\u00e9ho ro\u010dn\u00edku z\u00e1kladn\u00ed \u0161koly a po \u00fasp\u011b\u0161n\u00e9m slo\u017een\u00ed&nbsp;<a href=\"https:\/\/bigycb.cz\/bigy\/uchazeci\/bilingvni-studium\/\">&hellip;<\/a><\/p>\n","protected":false},"author":1,"featured_media":0,"parent":496,"menu_order":3,"comment_status":"closed","ping_status":"closed","template":"template-sidebar-right-childpages.php","meta":{"footnotes":""},"class_list":["post-1029","page","type-page","status-publish","hentry","odd"],"_links":{"self":[{"href":"https:\/\/bigycb.cz\/bigy\/wp-json\/wp\/v2\/pages\/1029","targetHints":{"allow":["GET"]}}],"collection":[{"href":"https:\/\/bigycb.cz\/bigy\/wp-json\/wp\/v2\/pages"}],"about":[{"href":"https:\/\/bigycb.cz\/bigy\/wp-json\/wp\/v2\/types\/page"}],"author":[{"embeddable":true,"href":"https:\/\/bigycb.cz\/bigy\/wp-json\/wp\/v2\/users\/1"}],"replies":[{"embeddable":true,"href":"https:\/\/bigycb.cz\/bigy\/wp-json\/wp\/v2\/comments?post=1029"}],"version-history":[{"count":1,"href":"https:\/\/bigycb.cz\/bigy\/wp-json\/wp\/v2\/pages\/1029\/revisions"}],"predecessor-version":[{"id":1031,"href":"https:\/\/bigycb.cz\/bigy\/wp-json\/wp\/v2\/pages\/1029\/revisions\/1031"}],"up":[{"embeddable":true,"href":"https:\/\/bigycb.cz\/bigy\/wp-json\/wp\/v2\/pages\/496"}],"wp:attachment":[{"href":"https:\/\/bigycb.cz\/bigy\/wp-json\/wp\/v2\/media?parent=1029"}],"curies":[{"name":"wp","href":"https:\/\/api.w.org\/{rel}","templated":true}]}}