{"id":1025,"date":"2022-02-24T21:06:34","date_gmt":"2022-02-24T20:06:34","guid":{"rendered":"https:\/\/bigycb.cz\/demo\/?page_id=1025"},"modified":"2025-10-02T20:55:17","modified_gmt":"2025-10-02T18:55:17","slug":"studijni-obory","status":"publish","type":"page","link":"https:\/\/bigycb.cz\/bigy\/o-skole\/studijni-obory\/","title":{"rendered":"Studijn\u00ed obory"},"content":{"rendered":"<p>[vc_row][vc_column][vc_column_text]<\/p>\n<h1>Studijn\u00ed obory<\/h1>\n<p>Na Biskupsk\u00e9m gymn\u00e1ziu prob\u00edh\u00e1 v\u00fduka v osmilet\u00e9m, \u0161estilet\u00e9m a \u010dty\u0159let\u00e9m cyklu, co\u017e znamen\u00e1, \u017ee se p\u0159ij\u00edmac\u00edch zkou\u0161ek mohou z\u00fa\u010dastnit, \u017e\u00e1ci p\u00e1t\u00fdch, sedm\u00fdch nebo dev\u00e1t\u00fdch t\u0159\u00edd.<\/p>\n<p>Gymn\u00e1zium poskytuje kvalitn\u00ed v\u0161eobecn\u00e9 vzd\u011bl\u00e1n\u00ed ve v\u0161ech p\u0159edm\u011btech a z\u00e1rove\u0148 nab\u00edz\u00ed v posledn\u00edch dvou letech studia \u0161irokou \u0161k\u00e1lu voliteln\u00fdch semin\u00e1\u0159\u016f s c\u00edlem prohloubit znalosti jednotliv\u00fdch p\u0159edm\u011bt\u016f a p\u0159ipravit studenty na \u00fasp\u011b\u0161n\u00e9 slo\u017een\u00ed p\u0159ij\u00edmac\u00edch zkou\u0161ek na vysok\u00e9 \u0161koly v\u0161ech typ\u016f (humanitn\u00ed, technick\u00e9, ekonomick\u00e9, p\u0159\u00edrodov\u011bdn\u00e9 apod.)<\/p>\n<p>Prioritou je\u00a0<strong>v\u00fduka jazyk\u016f<\/strong>. Ve v\u0161ech cyklech se povinn\u011b vyu\u010duje angli\u010dtin\u011b, dal\u0161\u00ed jazyk se vol\u00ed z mo\u017enost\u00ed n\u011bm\u010dina, \u0161pan\u011bl\u0161tina, francouz\u0161tina dle nab\u00eddky (viz n\u00ed\u017ee). Latina je krom\u011b bilingvn\u00edho \u0161estilet\u00e9ho studia povinn\u00e1 v d\u00e9lce dvou, resp. \u010dty\u0159 let.<\/p>\n<hr \/>\n<h4>Osmilet\u00e9 studium \u2013 k\u00f3d 79-41-K\/81<\/h4>\n<p>Nab\u00edzen\u00e1 jazykov\u00e1 kombinace n\u011bm\u010dina-angli\u010dtina nebo angli\u010dtina-\u0161pan\u011bl\u0161tina, oba jazyky povinn\u011b od prvn\u00edho ro\u010dn\u00edku. Prvn\u00ed jazyk v rozsahu 4-5 hodin t\u00fddn\u011b (v\u010detn\u011b konverzace v 1. a 2. ro\u010dn\u00edku a p\u0159edm\u011btu Sv\u011bt pr\u00e1ce ve 3. a 4. ro\u010dn\u00edku), ve vy\u0161\u0161\u00edm gymn\u00e1ziu je t\u00fddenn\u00ed hodinov\u00e1 dotace 4 hodiny (z toho 1 hodina re\u00e1li\u00ed v 5. a 6. ro\u010dn\u00edku). V 6. ro\u010dn\u00edku je nav\u00edc v tomto jazyce vyu\u010dov\u00e1n i zem\u011bpis v rozsahu 2 hodin t\u00fddn\u011b).<\/p>\n<p>Druh\u00fd jazyk m\u00e1 na ni\u017e\u0161\u00edm gymn\u00e1ziu dotaci 3 hodiny t\u00fddn\u011b, na vy\u0161\u0161\u00edm gymn\u00e1ziu 4 hodiny t\u00fddn\u011b (z toho v 5. a 6. ro\u010dn\u00edku 1 hodina re\u00e1li\u00ed).<\/p>\n<p>V posledn\u00edch dvou ro\u010dn\u00edc\u00edch je mo\u017eno si zvolit v r\u00e1mci voliteln\u00fdch hodin semin\u00e1\u0159\u016f p\u0159\u00edpravu na mezin\u00e1rodn\u00ed jazykov\u00e9 diplomy (2 hodiny t\u00fddn\u011b).<\/p>\n<p>Od t\u0159et\u00edho do p\u00e1t\u00e9ho ro\u010dn\u00edku se vyu\u010duje latina, a to 2 hodiny t\u00fddn\u011b, v \u0161est\u00e9m ro\u010dn\u00edku 1 hodina.<\/p>\n<p>\u017d\u00e1ci si vol\u00ed mezi n\u00e1bo\u017eenstv\u00edm a etikou (vyu\u010dov\u00e1ny od 1. do 7. ro\u010dn\u00edku).<\/p>\n<p>V p\u0159edmaturitn\u00edm a maturitn\u00edm ro\u010dn\u00edku je t\u00fddenn\u00ed po\u010det povinn\u00fdch hodin 24, resp. 23. Zbytek, tedy 8 hodin t\u00fddn\u011b, si studenti vol\u00ed z nab\u00eddky semin\u00e1\u0159\u016f (krom\u011b jazyk\u016f d\u011bjepis, zem\u011bpis, matematika, fyzika, biologie, chemie, z\u00e1klady spole\u010densk\u00fdch v\u011bd, religionistika a \u017eurnalistika, v maturitn\u00edm ro\u010dn\u00edku je nab\u00eddka roz\u0161\u00ed\u0159ena, \u010deskou literaturu a fyziku pro mediky).<\/p>\n<hr \/>\n<h4>\u0160estilet\u00e9 studium \u2013 k\u00f3d 79-41-K\/61<\/h4>\n<p>Nab\u00edzen\u00e1 jazykov\u00e1 kombinace n\u011bm\u010dina-angli\u010dtina nebo angli\u010dtina-francouz\u0161tina, oba jazyky povinn\u011b od prvn\u00edho ro\u010dn\u00edku. Prvn\u00ed jazyk v rozsahu 4\u20135 hodin t\u00fddn\u011b (v\u010detn\u011b p\u0159edm\u011btu Sv\u011bt pr\u00e1ce ve 2. ro\u010dn\u00edku), ve vy\u0161\u0161\u00edm gymn\u00e1ziu je t\u00fddenn\u00ed hodinov\u00e1 dotace 4 hodiny (z toho 1 hodina re\u00e1li\u00ed ve 3. a 4. ro\u010dn\u00edku). Ve 4. ro\u010dn\u00edku je nav\u00edc v tomto jazyce vyu\u010dov\u00e1n i zem\u011bpis v rozsahu 2 hodin t\u00fddn\u011b).<\/p>\n<p>Druh\u00fd jazyk m\u00e1 na ni\u017e\u0161\u00edm gymn\u00e1ziu dotaci 4 hodiny t\u00fddn\u011b, na vy\u0161\u0161\u00edm gymn\u00e1ziu rovn\u011b\u017e 4 hodiny t\u00fddn\u011b (v\u010detn\u011b 1 hodiny re\u00e1li\u00ed ve 3. a 4. ro\u010dn\u00edku).<\/p>\n<p>V posledn\u00edch dvou ro\u010dn\u00edc\u00edch je mo\u017eno si zvolit v r\u00e1mci voliteln\u00fdch hodin semin\u00e1\u0159\u016f p\u0159\u00edpravu na mezin\u00e1rodn\u00ed jazykov\u00e9 diplomy.<\/p>\n<p>Latina se vyu\u010duje ve t\u0159et\u00edm ro\u010dn\u00edku 2 hodiny t\u00fddn\u011b, ve \u010dtvrt\u00e9m 1 hodina.<\/p>\n<p>\u017d\u00e1ci si vol\u00ed mezi n\u00e1bo\u017eenstv\u00edm a etikou (vyu\u010dov\u00e1ny v 1. a\u017e 5. ro\u010dn\u00edku).<\/p>\n<p>V p\u0159edmaturitn\u00edm a maturitn\u00edm ro\u010dn\u00edku je t\u00fddenn\u00ed po\u010det povinn\u00fdch hodin 24, resp. 23. Zbytek, tedy 8 hodin t\u00fddn\u011b si studenti vol\u00ed z nab\u00eddky semin\u00e1\u0159\u016f (krom\u011b jazyk\u016f d\u011bjepis, zem\u011bpis, matematika, fyzika, biologie, chemie, z\u00e1klady spole\u010densk\u00fdch v\u011bd, religionistika a \u017eurnalistika, v maturitn\u00edm ro\u010dn\u00edku je nab\u00eddka roz\u0161\u00ed\u0159ena, \u010deskou literaturu a fyziku pro mediky).<\/p>\n<hr \/>\n<h4>Bilingvn\u00ed \u0161estilet\u00e9 \u010desko-\u0161pan\u011blsk\u00e9 studium \u2013 k\u00f3d 79-43-K\/61<\/h4>\n<p>V prvn\u00edch dvou ro\u010dn\u00edc\u00edch prob\u00edh\u00e1 intenzivn\u00ed v\u00fduka \u0161pan\u011bl\u0161tiny (8 a 9 hodin t\u00fddn\u011b) a angli\u010dtiny 2 hodiny t\u00fddn\u011b, od 3. ro\u010dn\u00edku se vyu\u010duj\u00ed vybran\u00e9 p\u0159edm\u011bty p\u0159ev\u00e1\u017en\u011b ve \u0161pan\u011bl\u0161tin\u011b (matematika, d\u011bjepis, zem\u011bpis, fyzika a chemie), \u0161pan\u011bl\u0161tina v\u010detn\u011b \u0161pan\u011blsk\u00e9 literatury se vyu\u010duje v rozsahu 4 hodin t\u00fddn\u011b a v \u0161est\u00e9m ro\u010dn\u00edku 6 hodin t\u00fddn\u011b, angli\u010dtina je pos\u00edlena na 4 hodiny t\u00fddn\u011b.<\/p>\n<p>V posledn\u00edch dvou ro\u010dn\u00edc\u00edch je mo\u017eno si zvolit v r\u00e1mci voliteln\u00fdch hodin semin\u00e1\u0159\u016f p\u0159\u00edpravu na mezin\u00e1rodn\u00ed jazykov\u00e9 diplomy (\u0160J, AJ 2 hodiny t\u00fddn\u011b).<\/p>\n<p>Latina se na tomto cyklu nevyu\u010duje.<\/p>\n<p>\u017d\u00e1ci si vol\u00ed mezi n\u00e1bo\u017eenstv\u00edm a etikou.<\/p>\n<p>V p\u0159edmaturitn\u00edm a maturitn\u00edm ro\u010dn\u00edku je t\u00fddenn\u00ed po\u010det povinn\u00fdch hodin 24, zbytek, tedy 8 hodin t\u00fddn\u011b si studenti vol\u00ed z nab\u00eddky semin\u00e1\u0159\u016f v \u010de\u0161tin\u011b (krom\u011b jazyk\u016f d\u011bjepis, zem\u011bpis, matematika, fyzika, biologie, chemie, z\u00e1klady spole\u010densk\u00fdch v\u011bd, religionistika a \u017eurnalistika, v maturitn\u00edm ro\u010dn\u00edku je nab\u00eddka roz\u0161\u00ed\u0159ena, \u010deskou literaturu a fyziku pro mediky).<\/p>\n<p>Studium je zakon\u010deno slo\u017een\u00edm \u010desk\u00e9 a \u0161pan\u011blsk\u00e9 maturitn\u00ed zkou\u0161ky.[\/vc_column_text]<a href=\"https:\/\/bigycb.cz\/bigy\/uchazeci\/bilingvni-studium\/\" class=\"wh-button  scp_theme_button-221df83c411f6a1f56b8d5b984f632d7\" title=\"Bilingvn\u00ed studium\">V\u00edce informac\u00ed o bilingvn\u00edm studiu<\/a>[vc_column_text]<\/p>\n<hr \/>\n<h4>\u010cty\u0159let\u00e9 studium \u2013 k\u00f3d 79-41-K\/41<\/h4>\n<p>Nab\u00edzen\u00e1 jazykov\u00e1 kombinace n\u011bm\u010dina-angli\u010dtina nebo angli\u010dtina-francouz\u0161tina, oba jazyky povinn\u011b od prvn\u00edho ro\u010dn\u00edku. Prvn\u00ed jazyk v rozsahu 5 hodin t\u00fddn\u011b v 1. a 2. ro\u010dn\u00edku (v\u010detn\u011b 1 hodiny re\u00e1li\u00ed) a 4 hodin t\u00fddn\u011b ve 3. a 4. ro\u010dn\u00edku.<\/p>\n<p>Druh\u00fd jazyk m\u00e1 na vy\u0161\u0161\u00edm gymn\u00e1ziu dotaci 3 hodiny t\u00fddn\u011b v 1. a 2. ro\u010dn\u00edku a 4 hodiny t\u00fddn\u011b v posledn\u00edch dvou ro\u010dn\u00edc\u00edch studia.<\/p>\n<p>V posledn\u00edch dvou ro\u010dn\u00edc\u00edch je mo\u017eno si zvolit v r\u00e1mci voliteln\u00fdch hodin semin\u00e1\u0159\u016f p\u0159\u00edpravu na mezin\u00e1rodn\u00ed jazykov\u00e9 diplomy.<\/p>\n<p>Latina se vyu\u010duje v prvn\u00edm ro\u010dn\u00edku 2 hodiny t\u00fddn\u011b, ve druh\u00e9m 1 hodina.<\/p>\n<p>\u017d\u00e1ci si vol\u00ed mezi n\u00e1bo\u017eenstv\u00edm a etikou (vyu\u010dov\u00e1ny v 1. a\u017e 3. ro\u010dn\u00edku).<\/p>\n<p>V p\u0159edmaturitn\u00edm a maturitn\u00edm ro\u010dn\u00edku je t\u00fddenn\u00ed po\u010det povinn\u00fdch hodin 24, resp. 23 Zbytek, tedy 8 hodin t\u00fddn\u011b si studenti vol\u00ed z nab\u00eddky semin\u00e1\u0159\u016f (krom\u011b jazyk\u016f d\u011bjepis, zem\u011bpis, matematika, fyzika, biologie, chemie, z\u00e1klady spole\u010densk\u00fdch v\u011bd, religionistika a \u017eurnalistika, v maturitn\u00edm ro\u010dn\u00edku je nab\u00eddka roz\u0161\u00ed\u0159ena, \u010deskou literaturu a fyziku pro mediky).<\/p>\n<p>[\/vc_column_text][vc_column_text]<\/p>\n<hr \/>\n<h4>Pedagogick\u00e9 lyceum (\u010dty\u0159let\u00e9 studium) \u2013 78-42-M\/03<\/h4>\n<p>\u010cty\u0159let\u00fd maturitn\u00ed obor\u00a0<strong>Pedagogick\u00e9 lyceum<\/strong>\u00a0propojuje kvalitn\u00ed v\u0161eobecn\u00e9 vzd\u011bl\u00e1n\u00ed s odbornou p\u0159\u00edpravou v pedagogice, psychologii a um\u011bleck\u00fdch discipl\u00edn\u00e1ch. Studium je ur\u010deno pro v\u0161echny, kte\u0159\u00ed uva\u017euj\u00ed o budouc\u00ed dr\u00e1ze u\u010ditele, vychovatele nebo pracovn\u00edka v oblasti soci\u00e1ln\u00edch slu\u017eeb a charity. Absolventi jsou p\u0159ipraveni pokra\u010dovat ve studiu na V\u0160 a VO\u0160, ji\u017e po maturit\u011b se v\u0161ak mohou uplatnit nap\u0159\u00edklad jako pedagogov\u00e9 voln\u00e9ho \u010dasu \u010di asistenti pedagoga.<\/p>\n<p>Nab\u00edzen\u00e1 jazykov\u00e1 kombinace je angli\u010dtina-n\u011bm\u010dina a v\u00a0ka\u017ed\u00e9m roce jeden t\u00fdden souvisl\u00e9 odborn\u00e9 praxe ve \u0161kolsk\u00e9m nebo p\u0159\u00edbuzn\u00e9m za\u0159\u00edzen\u00ed (volno\u010dasov\u00e1 za\u0159\u00edzen\u00ed, soci\u00e1ln\u00ed za\u0159\u00edzen\u00ed a organizace).<\/p>\n<p>Od druh\u00e9ho ro\u010dn\u00edku si \u017e\u00e1ci vyb\u00edraj\u00ed zam\u011b\u0159en\u00ed \u2013 hudebn\u00ed, v\u00fdtvarn\u00e9 nebo dramatick\u00e9.[\/vc_column_text]<a href=\"https:\/\/bigycb.cz\/lyceum\" class=\"wh-button  scp_theme_button-d6e5dcc3fc3740f6ae9d40b65fc98815\" title=\"Bilingvn\u00ed studium\">V\u00edce informac\u00ed o pedagogick\u00e9m lyceu \u2192<\/a>[vc_column_text]<\/p>\n<hr \/>\n<h4>Jazykov\u00e9 certifik\u00e1ty<a href=\"https:\/\/bigycb.cz\/bigy\/wp-content\/uploads\/IMG_0003.jpg\" rel=\"lightbox[1025]\"><img loading=\"lazy\" decoding=\"async\" class=\"alignright size-medium wp-image-1013\" src=\"https:\/\/bigycb.cz\/bigy\/wp-content\/uploads\/IMG_0003-212x300.jpg\" alt=\"\" width=\"212\" height=\"300\" srcset=\"https:\/\/bigycb.cz\/bigy\/wp-content\/uploads\/IMG_0003-212x300.jpg 212w, https:\/\/bigycb.cz\/bigy\/wp-content\/uploads\/IMG_0003.jpg 724w\" sizes=\"auto, (max-width: 212px) 100vw, 212px\" \/><\/a><\/h4>\n<p>Ve v\u0161ech cyklech od 1. ro\u010dn\u00edku dva povinn\u00e9 ciz\u00ed jazyky s vyv\u00e1\u017eenou hodinovou dotac\u00ed b\u011bhem cel\u00e9ho studia s mo\u017enost\u00ed slo\u017eit mezin\u00e1rodn\u00ed jazykov\u00e9 diplomy \u00farovn\u011b B2 \u010di C1.<\/p>\n<ul>\n<li>Anglick\u00fd jazyk \u2013 Cambridgesk\u00e9 diplomy FCE\/CAE<\/li>\n<li>N\u011bmeck\u00fd jazyk \u2013 jazykov\u00fd diplom DSD\/KMK II<\/li>\n<li>\u0160pan\u011blsk\u00fd jazyk \u2013 jazykov\u00fd diplom DELE<\/li>\n<li>Francouzsk\u00fd jazyk \u2013 jazykov\u00fd diplom DELF<\/li>\n<\/ul>\n<p>Ve v\u0161ech typech studia se na v\u00fduce jazyk\u016f pod\u00edlej\u00ed tak\u00e9\u00a0<strong>rodil\u00ed mluv\u010d\u00ed<\/strong>.<\/p>\n<p>V\u00fduka n\u00e1bo\u017eenstv\u00ed nen\u00ed povinn\u00e1 a \u017e\u00e1ci si vol\u00ed mezi n\u00e1bo\u017eenstv\u00edm a etikou.<\/p>\n<hr \/>\n<h4>Studijn\u00ed pobyty<\/h4>\n<p>V ka\u017ed\u00e9m \u0161koln\u00edm roce vys\u00edl\u00e1me p\u0159ibli\u017en\u011b 20-30 student\u016f na zahrani\u010dn\u00ed pobyty (p\u0159ev\u00e1\u017en\u011b celoro\u010dn\u00ed, n\u011bkter\u00e9 p\u016flro\u010dn\u00ed) \u2013 viz\u00a0<a title=\"Spolupr\u00e1ce se zahrani\u010dn\u00edmi \u0161kolami\" href=\"https:\/\/bigycb.cz\/bigy\/o-skole\/spoluprace-se-zahranicnimi-skolami\/\">spolupr\u00e1ce se zahrani\u010d\u00edm<\/a>.[\/vc_column_text][\/vc_column][\/vc_row][vc_row][vc_column][\/vc_column][\/vc_row]<\/p>\n","protected":false},"excerpt":{"rendered":"<p>[vc_row][vc_column][vc_column_text] Studijn\u00ed obory Na Biskupsk\u00e9m gymn\u00e1ziu prob\u00edh\u00e1 v\u00fduka v osmilet\u00e9m, \u0161estilet\u00e9m a \u010dty\u0159let\u00e9m cyklu, co\u017e znamen\u00e1, \u017ee se p\u0159ij\u00edmac\u00edch zkou\u0161ek&nbsp;<a href=\"https:\/\/bigycb.cz\/bigy\/o-skole\/studijni-obory\/\">&hellip;<\/a><\/p>\n","protected":false},"author":1,"featured_media":0,"parent":494,"menu_order":1,"comment_status":"closed","ping_status":"closed","template":"template-sidebar-right-childpages.php","meta":{"footnotes":""},"class_list":["post-1025","page","type-page","status-publish","hentry","odd"],"_links":{"self":[{"href":"https:\/\/bigycb.cz\/bigy\/wp-json\/wp\/v2\/pages\/1025","targetHints":{"allow":["GET"]}}],"collection":[{"href":"https:\/\/bigycb.cz\/bigy\/wp-json\/wp\/v2\/pages"}],"about":[{"href":"https:\/\/bigycb.cz\/bigy\/wp-json\/wp\/v2\/types\/page"}],"author":[{"embeddable":true,"href":"https:\/\/bigycb.cz\/bigy\/wp-json\/wp\/v2\/users\/1"}],"replies":[{"embeddable":true,"href":"https:\/\/bigycb.cz\/bigy\/wp-json\/wp\/v2\/comments?post=1025"}],"version-history":[{"count":8,"href":"https:\/\/bigycb.cz\/bigy\/wp-json\/wp\/v2\/pages\/1025\/revisions"}],"predecessor-version":[{"id":10342,"href":"https:\/\/bigycb.cz\/bigy\/wp-json\/wp\/v2\/pages\/1025\/revisions\/10342"}],"up":[{"embeddable":true,"href":"https:\/\/bigycb.cz\/bigy\/wp-json\/wp\/v2\/pages\/494"}],"wp:attachment":[{"href":"https:\/\/bigycb.cz\/bigy\/wp-json\/wp\/v2\/media?parent=1025"}],"curies":[{"name":"wp","href":"https:\/\/api.w.org\/{rel}","templated":true}]}}