{"id":1019,"date":"2022-02-24T20:58:19","date_gmt":"2022-02-24T19:58:19","guid":{"rendered":"https:\/\/bigycb.cz\/demo\/?page_id=1019"},"modified":"2024-09-06T14:46:49","modified_gmt":"2024-09-06T12:46:49","slug":"pravidelne-akce-behem-studia","status":"publish","type":"page","link":"https:\/\/bigycb.cz\/bigy\/studenti-a-rodice\/pravidelne-akce-behem-studia\/","title":{"rendered":"Pravideln\u00e9 akce b\u011bhem studia"},"content":{"rendered":"<h2>P\u0159ehled pravideln\u00fdch akc\u00ed konan\u00fdch b\u011bhem studia<\/h2>\n<h3>4let\u00e9 studium<\/h3>\n<h4>1. ro\u010dn\u00edk:<\/h4>\n<ul>\n<li>Cyklokurz (cca 2 500 K\u010d)<\/li>\n<li>Ly\u017ea\u0159sk\u00fd kurz (cca 6 500 \u2013 8 000 K\u010d)<\/li>\n<\/ul>\n<h4>2. ro\u010dn\u00edk:<\/h4>\n<ul>\n<li>Vysokohorsk\u00e1 turistika \u2013 Tatry (cca 3 500 K\u010d)<\/li>\n<li>Zahrani\u010dn\u00ed z\u00e1jezd dle aktu\u00e1ln\u00ed nab\u00eddky a mo\u017enost\u00ed \u0161koly (Anglie, Francie apod., cca 10 000 K\u010d)<\/li>\n<li>D\u011bjepisn\u00e1 exkurze na na\u0161em \u00fazem\u00ed i v zahrani\u010d\u00ed, nebo jen Praha (cca 3 500 K\u010d)<\/li>\n<\/ul>\n<h4>3. ro\u010dn\u00edk<\/h4>\n<ul>\n<li>Chorvatsko (cca 7 500 K\u010d)<\/li>\n<\/ul>\n<hr \/>\n<h3>6let\u00e9 studium<\/h3>\n<h4>2. ro\u010dn\u00edk:<\/h4>\n<ul>\n<li>Anglie (cca 10 000 K\u010d)<\/li>\n<li>\u0160pan\u011blsko (cca 10 000 K\u010d)<\/li>\n<\/ul>\n<h4>3. ro\u010dn\u00edk<\/h4>\n<ul>\n<li>Cyklokurz (cca 2 500 K\u010d)<\/li>\n<li>Ly\u017ea\u0159sk\u00fd kurz (cca 6 500 \u2013 8 000 K\u010d)<\/li>\n<\/ul>\n<h4>4. ro\u010dn\u00edk<\/h4>\n<ul>\n<li>Vysokohorsk\u00e1 turistika \u2013 Tatry (cca 3 500 K\u010d)<\/li>\n<li>D\u011bjepisn\u00e1 exkurze na na\u0161em \u00fazem\u00ed i v zahrani\u010d\u00ed, nebo jen Praha (cca 3 500 K\u010d)<\/li>\n<\/ul>\n<h4>5. ro\u010dn\u00edk<\/h4>\n<ul>\n<li>Chorvatsko (cca 6 500 K\u010d)<\/li>\n<\/ul>\n<hr \/>\n<h3>8let\u00e9 studium<\/h3>\n<h4>2. ro\u010dn\u00edk<\/h4>\n<ul>\n<li>Ly\u017ea\u0159sk\u00fd kurz (cca 6 500 \u2013 8 000 K\u010d)<\/li>\n<\/ul>\n<h4>3. nebo 4. ro\u010dn\u00edk<\/h4>\n<ul>\n<li>Anglie (cca 10 000 K\u010d)<\/li>\n<\/ul>\n<h4>5. ro\u010dn\u00edk<\/h4>\n<ul>\n<li>Cyklokurz (cca 2 500 K\u010d)<\/li>\n<\/ul>\n<ul>\n<li>Ly\u017ea\u0159sk\u00fd kurz (cca 6 500 \u2013 8 000 K\u010d)<\/li>\n<\/ul>\n<h4>6. ro\u010dn\u00edk<\/h4>\n<ul>\n<li>Vysokohorsk\u00e1 turistika \u2013 Tatry (cca 3 500 K\u010d)<\/li>\n<li>D\u011bjepisn\u00e1 exkurze na na\u0161em \u00fazem\u00ed i v zahrani\u010d\u00ed, nebo jen Praha (cca 3 500 K\u010d)<\/li>\n<\/ul>\n<h4>7. ro\u010dn\u00edk<\/h4>\n<ul>\n<li>Chorvatsko (cca 6 500 K\u010d)<\/li>\n<\/ul>\n","protected":false},"excerpt":{"rendered":"<p>P\u0159ehled pravideln\u00fdch akc\u00ed konan\u00fdch b\u011bhem studia 4let\u00e9 studium 1. ro\u010dn\u00edk: Cyklokurz (cca 2 500 K\u010d) Ly\u017ea\u0159sk\u00fd kurz (cca 6 500&nbsp;<a href=\"https:\/\/bigycb.cz\/bigy\/studenti-a-rodice\/pravidelne-akce-behem-studia\/\">&hellip;<\/a><\/p>\n","protected":false},"author":1,"featured_media":0,"parent":500,"menu_order":5,"comment_status":"closed","ping_status":"closed","template":"template-sidebar-right-childpages.php","meta":{"footnotes":""},"class_list":["post-1019","page","type-page","status-publish","hentry","odd"],"_links":{"self":[{"href":"https:\/\/bigycb.cz\/bigy\/wp-json\/wp\/v2\/pages\/1019","targetHints":{"allow":["GET"]}}],"collection":[{"href":"https:\/\/bigycb.cz\/bigy\/wp-json\/wp\/v2\/pages"}],"about":[{"href":"https:\/\/bigycb.cz\/bigy\/wp-json\/wp\/v2\/types\/page"}],"author":[{"embeddable":true,"href":"https:\/\/bigycb.cz\/bigy\/wp-json\/wp\/v2\/users\/1"}],"replies":[{"embeddable":true,"href":"https:\/\/bigycb.cz\/bigy\/wp-json\/wp\/v2\/comments?post=1019"}],"version-history":[{"count":12,"href":"https:\/\/bigycb.cz\/bigy\/wp-json\/wp\/v2\/pages\/1019\/revisions"}],"predecessor-version":[{"id":8026,"href":"https:\/\/bigycb.cz\/bigy\/wp-json\/wp\/v2\/pages\/1019\/revisions\/8026"}],"up":[{"embeddable":true,"href":"https:\/\/bigycb.cz\/bigy\/wp-json\/wp\/v2\/pages\/500"}],"wp:attachment":[{"href":"https:\/\/bigycb.cz\/bigy\/wp-json\/wp\/v2\/media?parent=1019"}],"curies":[{"name":"wp","href":"https:\/\/api.w.org\/{rel}","templated":true}]}}