{"id":1012,"date":"2022-02-24T20:54:41","date_gmt":"2022-02-24T19:54:41","guid":{"rendered":"https:\/\/bigycb.cz\/demo\/?page_id=1012"},"modified":"2023-12-06T11:04:21","modified_gmt":"2023-12-06T10:04:21","slug":"spoluprace-se-zahranicnimi-skolami","status":"publish","type":"page","link":"https:\/\/bigycb.cz\/bigy\/o-skole\/spoluprace-se-zahranicnimi-skolami\/","title":{"rendered":"Zahrani\u010dn\u00ed spolupr\u00e1ce"},"content":{"rendered":"<h1>Spolupr\u00e1ce se zahrani\u010dn\u00edmi \u0161kolami<\/h1>\n<p>Biskupsk\u00e9 gymn\u00e1zium bylo zalo\u017eeno jako \u0161kola orientovan\u00e1 na v\u00fduku humanitn\u00edch p\u0159edm\u011bt\u016f, hlavn\u011b pak jazyk\u016f. Proto mezi prvn\u00ed \u00fakoly, kter\u00e9 si veden\u00ed stanovilo, pat\u0159ilo vybudovat s\u00ed\u0165 zahrani\u010dn\u00edch partnersk\u00fdch \u0161kol, na nich\u017e by na\u0161i studenti mohli absolvovat studijn\u00ed pobyty. C\u00edlem t\u011bchto pobyt\u016f nen\u00ed jen zdokonalit jazykov\u00e9 znalosti, ale rovn\u011b\u017e poznat \u017eivot, kulturu a vzd\u011bl\u00e1vac\u00ed syst\u00e9m jednotliv\u00fdch zem\u00ed a v neposledn\u00ed \u0159ad\u011b b\u00fdt dobr\u00fdm reprezentantem sv\u00e9 \u0161koly a zem\u011b v zahrani\u010d\u00ed.<\/p>\n<p>Po deseti letech existence nav\u00e1zalo na\u0161e gymn\u00e1zium styky s mnoha c\u00edrkevn\u00edmi \u0161kolami v n\u011bmecky mluv\u00edc\u00edch zem\u00edch (<strong>SRN, Rakousko<\/strong>), d\u00e1le pak s anglicky mluv\u00edc\u00edmi zem\u011bmi (<strong>USA<\/strong>),\u00a0<strong>\u0160pan\u011blskem<\/strong>\u00a0a v poslen\u00edch letech i\u00a0<strong>se zem\u011bmi St\u0159edn\u00ed a Ji\u017en\u00ed Ameriky<\/strong>. V ka\u017ed\u00e9m \u0161koln\u00edm roce vys\u00edl\u00e1me okolo 20 student\u016f na tyto zahrani\u010dn\u00ed pobyty a na z\u00e1klad\u011b dosavadn\u00edch zku\u0161enost\u00ed m\u016f\u017eeme \u0159\u00edci, \u017ee tito jsou ve velk\u00e9 v\u011bt\u0161in\u011b hodnoceni tamn\u00edmi \u0161kolami vysoce kladn\u011b. Mnoho na\u0161ich absolvent\u016f tak\u00e9 studuje na zahrani\u010dn\u00edch univerzit\u00e1ch (N\u011bmecko, Rakousko, \u0160pan\u011blsko, USA). Studenti bilingvn\u00edho cyklu absolvuj\u00ed v 1. \u010di 2. ro\u010dn\u00edku t\u00fddenn\u00ed v\u00fdm\u011bnn\u00fd pobyt ve \u0160pan\u011blsku.<\/p>\n<p>Biskupsk\u00e9 gymn\u00e1zium se zapojilo do r\u016fzn\u00fdch forem spolupr\u00e1ce se zahrani\u010dn\u00edmi \u0161kolami \u2013 jednalo se o programy Comenius, Socrates, obdr\u017eeli jsme rovn\u011b\u017e grant od \u010cesko-n\u011bmeck\u00e9ho fondu budoucnosti Renovabis a od rozvojov\u00e9ho programu Phare.<\/p>\n<p>V roce 2011 jsme z\u00edskali prost\u0159edky z fond\u016f EU \u2013 evropsk\u00fd soci\u00e1ln\u00ed program na projekt Nov\u00fd vzd\u011bl\u00e1vac\u00ed program pro pot\u0159eby spole\u010dn\u00e9 Evropy.<\/p>\n<p>Biskupsk\u00e9 gymn\u00e1zium je od roku 1992 za\u0159azeno do s\u00edt\u011b \u0161kol s roz\u0161\u00ed\u0159enou v\u00fdukou n\u011bmeck\u00e9ho jazyka, kter\u00e1 umo\u017e\u0148uje z\u00edsk\u00e1n\u00ed n\u011bmeck\u00e9ho jazykov\u00e9ho diplomu (\u00farove\u0148 B2\/C1). Ka\u017ed\u00fdm rokem tuto zkou\u0161ku skl\u00e1d\u00e1 30-40 student\u016f maturitn\u00edch ro\u010dn\u00edk\u016f. Vzhledem k jejich v\u00fdborn\u00e9 pr\u016fprav\u011b a znalostem z\u00edskalo mnoho z nich r\u016fzn\u00e1 ocen\u011bn\u00ed, um\u00edstili se na p\u0159edn\u00edch m\u00edstech v sout\u011b\u017e\u00edch a t\u011bm nejlep\u0161\u00edm jsou ud\u011blov\u00e1na stipendia DAAD pro studium na n\u011bmeck\u00fdch univerzit\u00e1ch.<\/p>\n<p>I v ostatn\u00edch jazyc\u00edch jsou na\u0161i studenti velmi dob\u0159e p\u0159ipraveni pro dal\u0161\u00ed studium. D\u00edky dostate\u010dn\u00e9 hodinov\u00e9 dotaci a intenzivn\u00ed p\u0159\u00edprav\u011b mohou studenti posledn\u00edch ro\u010dn\u00edk\u016f z\u00edskat Cambridgesk\u00e9 certifik\u00e1ty z angli\u010dtiny (\u00farovn\u011b FCE \u2013 B2 nebo CAE -C1), nebo z\u00edskat diplom DELE ze \u0161pan\u011bl\u0161tiny \u010di diplom DELF z francouz\u0161tiny. I v t\u011bchto jazyc\u00edch se na\u0161i studenti umis\u0165uj\u00ed na p\u0159edn\u00edch m\u00edstech v r\u016fzn\u00fdch sout\u011b\u017e\u00edch \u010di olympi\u00e1d\u00e1ch.<\/p>\n<p>Absolventi \u0161estilet\u00e9ho bilingvn\u00edho cyklu skl\u00e1daj\u00ed maturitn\u00ed zkou\u0161ku s platnost\u00ed jak v \u010cR, tak ve \u0160pan\u011blsku, umo\u017e\u0148uj\u00edc\u00ed studium na \u0161pan\u011blsk\u00fdch univerzit\u00e1ch.<\/p>\n<h3>Seznam partnersk\u00fdch \u0161kol:<\/h3>\n<p><strong>SRN<\/strong><\/p>\n<p>Program p\u0159\u00edhrani\u010dn\u00ed spolupr\u00e1ce Euregio \u2013 gymn\u00e1zia v Bavorsku 3-4 studenti celoro\u010dn\u011b.<\/p>\n<p><strong>Rakousko<\/strong><\/p>\n<ul>\n<li>Gymnasium Herz Jesu, Salzburg \u2013 2 studenti celoro\u010dn\u011b<\/li>\n<li>Gymnasium Borg, Bad Leonfelden \u2013 3-5 mes\u00ed\u010dn\u00ed pobyty \u2013 5-10 student\u016f<\/li>\n<li>2 gymnazia V\u00edde\u0148 \u2013\u00a03-5 mes\u00ed\u010dn\u00ed pobyty\u00a0\u2013 5-10 student\u016f<\/li>\n<\/ul>\n<p><strong>USA + Ji\u017en\u00ed Amerika<\/strong><\/p>\n<ul>\n<li>c\u00edrkevn\u00ed organizace Global Outreach \u2013 1 student celoro\u010dn\u011b (p\u016fsobnost ve st\u00e1tech Wisconsin, Nebraska)<\/li>\n<li>v\u00fdm\u011bnn\u00fd program s USA a zem\u011bmi Ji\u017en\u00ed Ameriky (p\u0159ev\u00e1\u017en\u011b Braz\u00edlie) prost\u0159ednictv\u00edm Rotary Clubu \u2013 1-2 studenti celoro\u010dn\u011b.<\/li>\n<\/ul>\n<p><strong>\u0160pan\u011blsko<\/strong><\/p>\n<ul>\n<li>Spolupracujeme s <a href=\"https:\/\/www.usal.es\/\" target=\"_blank\" rel=\"noopener\">univerzitou v Salamance<\/a>, p\u0159edn\u00edm sv\u011btov\u00fdm centrem ve v\u00fduce \u0161pan\u011bl\u0161tiny. Ka\u017edoro\u010dn\u011b je k n\u00e1m z univerzity vysl\u00e1n lektor v r\u00e1mci st\u00e1\u017ee programu Master Musale, kter\u00fd je ji\u017e l\u00e9ta uzn\u00e1v\u00e1n jako nejlep\u0161\u00ed vzd\u011bl\u00e1vac\u00ed program pro u\u010ditele \u0161pan\u011bl\u0161tiny jako ciz\u00edho jazyka ve \u0160pan\u011blsku.<\/li>\n<\/ul>\n<hr \/>\n\n\t\t<style type=\"text\/css\">\n\t\t\t#gallery-1 {\n\t\t\t\tmargin: auto;\n\t\t\t}\n\t\t\t#gallery-1 .gallery-item {\n\t\t\t\tfloat: left;\n\t\t\t\tmargin-top: 10px;\n\t\t\t\ttext-align: center;\n\t\t\t\twidth: 33%;\n\t\t\t}\n\t\t\t#gallery-1 img {\n\t\t\t\tborder: 2px solid #cfcfcf;\n\t\t\t}\n\t\t\t#gallery-1 .gallery-caption {\n\t\t\t\tmargin-left: 0;\n\t\t\t}\n\t\t\t\/* see gallery_shortcode() in wp-includes\/media.php *\/\n\t\t<\/style>\n\t\t<div id='gallery-1' class='gallery galleryid-1012 gallery-columns-3 gallery-size-thumbnail'><dl class='gallery-item'>\n\t\t\t<dt class='gallery-icon portrait'>\n\t\t\t\t<a href='https:\/\/bigycb.cz\/bigy\/wp-content\/uploads\/IMG_0003.jpg' rel=\"lightbox[1012]\"><img loading=\"lazy\" decoding=\"async\" width=\"150\" height=\"150\" src=\"https:\/\/bigycb.cz\/bigy\/wp-content\/uploads\/IMG_0003-150x150.jpg\" class=\"attachment-thumbnail size-thumbnail\" alt=\"\" \/><\/a>\n\t\t\t<\/dt><\/dl><dl class='gallery-item'>\n\t\t\t<dt class='gallery-icon landscape'>\n\t\t\t\t<a href='https:\/\/bigycb.cz\/bigy\/wp-content\/uploads\/IMG_0002.jpg' rel=\"lightbox[1012]\"><img loading=\"lazy\" decoding=\"async\" width=\"150\" height=\"150\" src=\"https:\/\/bigycb.cz\/bigy\/wp-content\/uploads\/IMG_0002-150x150.jpg\" class=\"attachment-thumbnail size-thumbnail\" alt=\"\" \/><\/a>\n\t\t\t<\/dt><\/dl><dl class='gallery-item'>\n\t\t\t<dt class='gallery-icon landscape'>\n\t\t\t\t<a href='https:\/\/bigycb.cz\/bigy\/wp-content\/uploads\/IMG_0004.jpg' rel=\"lightbox[1012]\"><img loading=\"lazy\" decoding=\"async\" width=\"150\" height=\"150\" src=\"https:\/\/bigycb.cz\/bigy\/wp-content\/uploads\/IMG_0004-150x150.jpg\" class=\"attachment-thumbnail size-thumbnail\" alt=\"\" \/><\/a>\n\t\t\t<\/dt><\/dl><br style=\"clear: both\" \/>\n\t\t<\/div>\n\n","protected":false},"excerpt":{"rendered":"<p>Spolupr\u00e1ce se zahrani\u010dn\u00edmi \u0161kolami Biskupsk\u00e9 gymn\u00e1zium bylo zalo\u017eeno jako \u0161kola orientovan\u00e1 na v\u00fduku humanitn\u00edch p\u0159edm\u011bt\u016f, hlavn\u011b pak jazyk\u016f. Proto mezi&nbsp;<a href=\"https:\/\/bigycb.cz\/bigy\/o-skole\/spoluprace-se-zahranicnimi-skolami\/\">&hellip;<\/a><\/p>\n","protected":false},"author":1,"featured_media":0,"parent":494,"menu_order":0,"comment_status":"closed","ping_status":"closed","template":"template-sidebar-right-childpages.php","meta":{"footnotes":""},"class_list":["post-1012","page","type-page","status-publish","hentry","odd"],"_links":{"self":[{"href":"https:\/\/bigycb.cz\/bigy\/wp-json\/wp\/v2\/pages\/1012","targetHints":{"allow":["GET"]}}],"collection":[{"href":"https:\/\/bigycb.cz\/bigy\/wp-json\/wp\/v2\/pages"}],"about":[{"href":"https:\/\/bigycb.cz\/bigy\/wp-json\/wp\/v2\/types\/page"}],"author":[{"embeddable":true,"href":"https:\/\/bigycb.cz\/bigy\/wp-json\/wp\/v2\/users\/1"}],"replies":[{"embeddable":true,"href":"https:\/\/bigycb.cz\/bigy\/wp-json\/wp\/v2\/comments?post=1012"}],"version-history":[{"count":4,"href":"https:\/\/bigycb.cz\/bigy\/wp-json\/wp\/v2\/pages\/1012\/revisions"}],"predecessor-version":[{"id":5942,"href":"https:\/\/bigycb.cz\/bigy\/wp-json\/wp\/v2\/pages\/1012\/revisions\/5942"}],"up":[{"embeddable":true,"href":"https:\/\/bigycb.cz\/bigy\/wp-json\/wp\/v2\/pages\/494"}],"wp:attachment":[{"href":"https:\/\/bigycb.cz\/bigy\/wp-json\/wp\/v2\/media?parent=1012"}],"curies":[{"name":"wp","href":"https:\/\/api.w.org\/{rel}","templated":true}]}}